{"id":1007,"date":"2025-12-05T12:18:31","date_gmt":"2025-12-05T11:18:31","guid":{"rendered":"https:\/\/augustusbeachclub.com\/ristoranti-sulla-spiaggia\/"},"modified":"2026-03-31T15:56:48","modified_gmt":"2026-03-31T13:56:48","slug":"restaurant-bambaissa","status":"publish","type":"page","link":"https:\/\/www.augustusbeachclub.com\/de\/restaurant-bambaissa\/","title":{"rendered":"Bambaissa Restaurant, die Oase in der Oase!"},"content":{"rendered":"\n<p>Auf der Veranda am Strand mit Blick auf das Meer durch die wei\u00dfen Vorh\u00e4nge ist das Bambaissa Restaurant eine Oase in der Oase.<\/p>\n\n\n\n<p>Unsere Meeresspezialit\u00e4ten vermischen sich mit exotischeren Geschmacksrichtungen f\u00fcr ein erstaunliches kulinarisches Erlebnis.<\/p>\n","protected":false},"excerpt":{"rendered":"<p>Auf der Veranda am Strand mit Blick auf das Meer durch die wei\u00dfen Vorh\u00e4nge ist das Bambaissa Restaurant eine Oase in der Oase. Unsere Meeresspezialit\u00e4ten vermischen sich mit exotischeren Geschmacksrichtungen f\u00fcr ein erstaunliches kulinarisches Erlebnis.<\/p>\n","protected":false},"author":1,"featured_media":1005,"parent":0,"menu_order":0,"comment_status":"closed","ping_status":"closed","template":"template-ristorante.php","meta":{"_acf_changed":false,"footnotes":""},"class_list":["post-1007","page","type-page","status-publish","has-post-thumbnail","hentry"],"acf":[],"yoast_head":"<!-- This site is optimized with the Yoast SEO plugin v27.2 - https:\/\/yoast.com\/product\/yoast-seo-wordpress\/ -->\n<title>Restaurant Bambaissa - Augustus Beach Club - Forte dei Marmi Forte dei Marmi<\/title>\n<meta name=\"description\" content=\"Das Restaurant Bambaissa in Forte dei Marmi ist ein wundersch\u00f6nes Restaurant direkt am Meer. Die Spezialit\u00e4ten sind kreative Fischgerichte.\" \/>\n<meta name=\"robots\" content=\"index, follow, max-snippet:-1, max-image-preview:large, max-video-preview:-1\" \/>\n<link rel=\"canonical\" href=\"https:\/\/www.augustusbeachclub.com\/de\/restaurant-bambaissa\/\" \/>\n<meta property=\"og:locale\" content=\"de_DE\" \/>\n<meta property=\"og:type\" content=\"article\" \/>\n<meta property=\"og:title\" content=\"Restaurant Bambaissa - Augustus Beach Club - Forte dei Marmi Forte dei Marmi\" \/>\n<meta property=\"og:description\" content=\"Das Restaurant Bambaissa in Forte dei Marmi ist ein wundersch\u00f6nes Restaurant direkt am Meer. Die Spezialit\u00e4ten sind kreative Fischgerichte.\" \/>\n<meta property=\"og:url\" content=\"https:\/\/www.augustusbeachclub.com\/de\/restaurant-bambaissa\/\" \/>\n<meta property=\"og:site_name\" content=\"Augustus Beach Club - Forte dei Marmi\" \/>\n<meta property=\"article:modified_time\" content=\"2026-03-31T13:56:48+00:00\" \/>\n<meta property=\"og:image\" content=\"https:\/\/www.augustusbeachclub.com\/wp-content\/uploads\/2025\/12\/Ristorante-bambaissa-forte-dei-marmi-053.webp\" \/>\n\t<meta property=\"og:image:width\" content=\"1920\" \/>\n\t<meta property=\"og:image:height\" content=\"1280\" \/>\n\t<meta property=\"og:image:type\" content=\"image\/webp\" \/>\n<script type=\"application\/ld+json\" class=\"yoast-schema-graph\">{\"@context\":\"https:\/\/schema.org\",\"@graph\":[{\"@type\":\"WebPage\",\"@id\":\"https:\/\/www.augustusbeachclub.com\/de\/restaurant-bambaissa\/\",\"url\":\"https:\/\/www.augustusbeachclub.com\/de\/restaurant-bambaissa\/\",\"name\":\"Restaurant Bambaissa - Augustus Beach Club - Forte dei Marmi Forte dei Marmi\",\"isPartOf\":{\"@id\":\"https:\/\/www.augustusbeachclub.com\/de\/#website\"},\"primaryImageOfPage\":{\"@id\":\"https:\/\/www.augustusbeachclub.com\/de\/restaurant-bambaissa\/#primaryimage\"},\"image\":{\"@id\":\"https:\/\/www.augustusbeachclub.com\/de\/restaurant-bambaissa\/#primaryimage\"},\"thumbnailUrl\":\"https:\/\/www.augustusbeachclub.com\/wp-content\/uploads\/2025\/12\/Ristorante-bambaissa-forte-dei-marmi-053.webp\",\"datePublished\":\"2025-12-05T11:18:31+00:00\",\"dateModified\":\"2026-03-31T13:56:48+00:00\",\"description\":\"Das Restaurant Bambaissa in Forte dei Marmi ist ein wundersch\u00f6nes Restaurant direkt am Meer. Die Spezialit\u00e4ten sind kreative Fischgerichte.\",\"breadcrumb\":{\"@id\":\"https:\/\/www.augustusbeachclub.com\/de\/restaurant-bambaissa\/#breadcrumb\"},\"inLanguage\":\"de\",\"potentialAction\":[{\"@type\":\"ReadAction\",\"target\":[\"https:\/\/www.augustusbeachclub.com\/de\/restaurant-bambaissa\/\"]}]},{\"@type\":\"ImageObject\",\"inLanguage\":\"de\",\"@id\":\"https:\/\/www.augustusbeachclub.com\/de\/restaurant-bambaissa\/#primaryimage\",\"url\":\"https:\/\/www.augustusbeachclub.com\/wp-content\/uploads\/2025\/12\/Ristorante-bambaissa-forte-dei-marmi-053.webp\",\"contentUrl\":\"https:\/\/www.augustusbeachclub.com\/wp-content\/uploads\/2025\/12\/Ristorante-bambaissa-forte-dei-marmi-053.webp\",\"width\":1920,\"height\":1280},{\"@type\":\"BreadcrumbList\",\"@id\":\"https:\/\/www.augustusbeachclub.com\/de\/restaurant-bambaissa\/#breadcrumb\",\"itemListElement\":[{\"@type\":\"ListItem\",\"position\":1,\"name\":\"Home\",\"item\":\"https:\/\/www.augustusbeachclub.com\/de\/\"},{\"@type\":\"ListItem\",\"position\":2,\"name\":\"Bambaissa Restaurant, die Oase in der Oase!\"}]},{\"@type\":\"WebSite\",\"@id\":\"https:\/\/www.augustusbeachclub.com\/de\/#website\",\"url\":\"https:\/\/www.augustusbeachclub.com\/de\/\",\"name\":\"Augustus Beach Club - Forte dei Marmi\",\"description\":\"\",\"publisher\":{\"@id\":\"https:\/\/www.augustusbeachclub.com\/de\/#organization\"},\"potentialAction\":[{\"@type\":\"SearchAction\",\"target\":{\"@type\":\"EntryPoint\",\"urlTemplate\":\"https:\/\/www.augustusbeachclub.com\/de\/?s={search_term_string}\"},\"query-input\":{\"@type\":\"PropertyValueSpecification\",\"valueRequired\":true,\"valueName\":\"search_term_string\"}}],\"inLanguage\":\"de\"},{\"@type\":\"Organization\",\"@id\":\"https:\/\/www.augustusbeachclub.com\/de\/#organization\",\"name\":\"Augustus Beach Club - Forte dei Marmi\",\"url\":\"https:\/\/www.augustusbeachclub.com\/de\/\",\"logo\":{\"@type\":\"ImageObject\",\"inLanguage\":\"de\",\"@id\":\"https:\/\/www.augustusbeachclub.com\/de\/#\/schema\/logo\/image\/\",\"url\":\"https:\/\/www.augustusbeachclub.com\/wp-content\/uploads\/2025\/12\/logo-augustus-colore-a.svg\",\"contentUrl\":\"https:\/\/www.augustusbeachclub.com\/wp-content\/uploads\/2025\/12\/logo-augustus-colore-a.svg\",\"width\":1,\"height\":1,\"caption\":\"Augustus Beach Club - Forte dei Marmi\"},\"image\":{\"@id\":\"https:\/\/www.augustusbeachclub.com\/de\/#\/schema\/logo\/image\/\"}}]}<\/script>\n<!-- \/ Yoast SEO plugin. -->","yoast_head_json":{"title":"Restaurant Bambaissa - Augustus Beach Club - Forte dei Marmi Forte dei Marmi","description":"Das Restaurant Bambaissa in Forte dei Marmi ist ein wundersch\u00f6nes Restaurant direkt am Meer. Die Spezialit\u00e4ten sind kreative Fischgerichte.","robots":{"index":"index","follow":"follow","max-snippet":"max-snippet:-1","max-image-preview":"max-image-preview:large","max-video-preview":"max-video-preview:-1"},"canonical":"https:\/\/www.augustusbeachclub.com\/de\/restaurant-bambaissa\/","og_locale":"de_DE","og_type":"article","og_title":"Restaurant Bambaissa - Augustus Beach Club - Forte dei Marmi Forte dei Marmi","og_description":"Das Restaurant Bambaissa in Forte dei Marmi ist ein wundersch\u00f6nes Restaurant direkt am Meer. Die Spezialit\u00e4ten sind kreative Fischgerichte.","og_url":"https:\/\/www.augustusbeachclub.com\/de\/restaurant-bambaissa\/","og_site_name":"Augustus Beach Club - Forte dei Marmi","article_modified_time":"2026-03-31T13:56:48+00:00","og_image":[{"width":1920,"height":1280,"url":"https:\/\/www.augustusbeachclub.com\/wp-content\/uploads\/2025\/12\/Ristorante-bambaissa-forte-dei-marmi-053.webp","type":"image\/webp"}],"schema":{"@context":"https:\/\/schema.org","@graph":[{"@type":"WebPage","@id":"https:\/\/www.augustusbeachclub.com\/de\/restaurant-bambaissa\/","url":"https:\/\/www.augustusbeachclub.com\/de\/restaurant-bambaissa\/","name":"Restaurant Bambaissa - Augustus Beach Club - Forte dei Marmi Forte dei Marmi","isPartOf":{"@id":"https:\/\/www.augustusbeachclub.com\/de\/#website"},"primaryImageOfPage":{"@id":"https:\/\/www.augustusbeachclub.com\/de\/restaurant-bambaissa\/#primaryimage"},"image":{"@id":"https:\/\/www.augustusbeachclub.com\/de\/restaurant-bambaissa\/#primaryimage"},"thumbnailUrl":"https:\/\/www.augustusbeachclub.com\/wp-content\/uploads\/2025\/12\/Ristorante-bambaissa-forte-dei-marmi-053.webp","datePublished":"2025-12-05T11:18:31+00:00","dateModified":"2026-03-31T13:56:48+00:00","description":"Das Restaurant Bambaissa in Forte dei Marmi ist ein wundersch\u00f6nes Restaurant direkt am Meer. Die Spezialit\u00e4ten sind kreative Fischgerichte.","breadcrumb":{"@id":"https:\/\/www.augustusbeachclub.com\/de\/restaurant-bambaissa\/#breadcrumb"},"inLanguage":"de","potentialAction":[{"@type":"ReadAction","target":["https:\/\/www.augustusbeachclub.com\/de\/restaurant-bambaissa\/"]}]},{"@type":"ImageObject","inLanguage":"de","@id":"https:\/\/www.augustusbeachclub.com\/de\/restaurant-bambaissa\/#primaryimage","url":"https:\/\/www.augustusbeachclub.com\/wp-content\/uploads\/2025\/12\/Ristorante-bambaissa-forte-dei-marmi-053.webp","contentUrl":"https:\/\/www.augustusbeachclub.com\/wp-content\/uploads\/2025\/12\/Ristorante-bambaissa-forte-dei-marmi-053.webp","width":1920,"height":1280},{"@type":"BreadcrumbList","@id":"https:\/\/www.augustusbeachclub.com\/de\/restaurant-bambaissa\/#breadcrumb","itemListElement":[{"@type":"ListItem","position":1,"name":"Home","item":"https:\/\/www.augustusbeachclub.com\/de\/"},{"@type":"ListItem","position":2,"name":"Bambaissa Restaurant, die Oase in der Oase!"}]},{"@type":"WebSite","@id":"https:\/\/www.augustusbeachclub.com\/de\/#website","url":"https:\/\/www.augustusbeachclub.com\/de\/","name":"Augustus Beach Club - Forte dei Marmi","description":"","publisher":{"@id":"https:\/\/www.augustusbeachclub.com\/de\/#organization"},"potentialAction":[{"@type":"SearchAction","target":{"@type":"EntryPoint","urlTemplate":"https:\/\/www.augustusbeachclub.com\/de\/?s={search_term_string}"},"query-input":{"@type":"PropertyValueSpecification","valueRequired":true,"valueName":"search_term_string"}}],"inLanguage":"de"},{"@type":"Organization","@id":"https:\/\/www.augustusbeachclub.com\/de\/#organization","name":"Augustus Beach Club - Forte dei Marmi","url":"https:\/\/www.augustusbeachclub.com\/de\/","logo":{"@type":"ImageObject","inLanguage":"de","@id":"https:\/\/www.augustusbeachclub.com\/de\/#\/schema\/logo\/image\/","url":"https:\/\/www.augustusbeachclub.com\/wp-content\/uploads\/2025\/12\/logo-augustus-colore-a.svg","contentUrl":"https:\/\/www.augustusbeachclub.com\/wp-content\/uploads\/2025\/12\/logo-augustus-colore-a.svg","width":1,"height":1,"caption":"Augustus Beach Club - Forte dei Marmi"},"image":{"@id":"https:\/\/www.augustusbeachclub.com\/de\/#\/schema\/logo\/image\/"}}]}},"_links":{"self":[{"href":"https:\/\/www.augustusbeachclub.com\/de\/wp-json\/wp\/v2\/pages\/1007","targetHints":{"allow":["GET"]}}],"collection":[{"href":"https:\/\/www.augustusbeachclub.com\/de\/wp-json\/wp\/v2\/pages"}],"about":[{"href":"https:\/\/www.augustusbeachclub.com\/de\/wp-json\/wp\/v2\/types\/page"}],"author":[{"embeddable":true,"href":"https:\/\/www.augustusbeachclub.com\/de\/wp-json\/wp\/v2\/users\/1"}],"replies":[{"embeddable":true,"href":"https:\/\/www.augustusbeachclub.com\/de\/wp-json\/wp\/v2\/comments?post=1007"}],"version-history":[{"count":14,"href":"https:\/\/www.augustusbeachclub.com\/de\/wp-json\/wp\/v2\/pages\/1007\/revisions"}],"predecessor-version":[{"id":1737,"href":"https:\/\/www.augustusbeachclub.com\/de\/wp-json\/wp\/v2\/pages\/1007\/revisions\/1737"}],"wp:featuredmedia":[{"embeddable":true,"href":"https:\/\/www.augustusbeachclub.com\/de\/wp-json\/wp\/v2\/media\/1005"}],"wp:attachment":[{"href":"https:\/\/www.augustusbeachclub.com\/de\/wp-json\/wp\/v2\/media?parent=1007"}],"curies":[{"name":"wp","href":"https:\/\/api.w.org\/{rel}","templated":true}]}}