{"id":1095,"date":"2025-12-05T12:25:39","date_gmt":"2025-12-05T11:25:39","guid":{"rendered":"https:\/\/augustusbeachclub.com\/come-raggiungerci\/"},"modified":"2025-12-15T16:08:46","modified_gmt":"2025-12-15T15:08:46","slug":"wie-sie-uns-erreichen","status":"publish","type":"page","link":"https:\/\/www.augustusbeachclub.com\/de\/wie-sie-uns-erreichen\/","title":{"rendered":"Wie Sie uns erreichen"},"content":{"rendered":"\n<h4 class=\"wp-block-heading\">Nur wenige Minuten vom Ortszentrum von Forte dei Marmi entfernt<\/h4>\n\n\n\n<p>Die Stadt liegt an der n\u00f6rdlichen K\u00fcste der Toskana, und ist von allen gr\u00f6\u00dferen italienischen St\u00e4dten aus leicht zu erreichen sowohl mit dem Auto<strong>&nbsp;\u00fcber die Autobahn A12\/E80 an der Ausfahrt \u201eVersilia\u201c<\/strong>,&nbsp;als auch mit der Bahn von den Bahnh\u00f6fen&nbsp;<strong>Viareggio<\/strong>,&nbsp;<strong>Querceta<\/strong>&nbsp;oder&nbsp;<strong>Pietrasanta<\/strong>&nbsp; aus; mit dem Flugzeug ist es aus der ganzen Welt leicht zu erreichen, wenn Sie die nahe gelegenen internationalen Flugh\u00e4fen von &nbsp;<strong>Pisa (PSA)<\/strong>&nbsp;oder&nbsp;<strong>Florenz (FLR) anfliegen, die beide von&nbsp; zahlreichen internationalen Luftfahrtgesellschaften angeflogen werden.<\/strong><\/p>\n\n\n\n<p>Unser Empfangschef ist Ihnen gerne behilflich bei eventuellen Anfragen f\u00fcr individuelle Transportbed\u00fcrfnisse.<\/p>\n\n\n\n<h4 class=\"wp-block-heading\">INTERNATIONALER FLUGHAFEN PISA \u201cGALILEO GALILEI\u201c (PSA)<\/h4>\n\n\n\n<p>\u2013 Entfernung \u2013 35 Km<br>\u2013 Fahrzeit \u2013 30 Min Stunde<br>\u2013 Nach Verlassen des Flughafens der Beschilderung f\u00fcr die Autobahn A12\/E80 Genova-Livorno\/Rosignano folgen.<br>\u2013 Auf die Autobahn A12\/E80 in Richtung Genua fahren<br>\u2013 Nach circa 30 Km an der Ausfahrt \u201eVersilia\u201c abfahren.<br>\u2013 Folgen Sie der Beschilderung nach Forte dei Marmi und zum Augustus Hotel &amp; Resort.<\/p>\n\n\n\n<h4 class=\"wp-block-heading\">INTERNATIONALER FLUGHAFEN FLORENZ \u201eAMERIGO VESPUCCI\u201c (FLR)<\/h4>\n\n\n\n<p>-Entfernung \u2013 90 Km<br>\u2013 Fahrzeit- 1h Stunde<br>\u2013 Nach Verlassen des Flughafens der Beschilderung f\u00fcr die Autobahn A11\/E76 folgen.<br>\u2013 Nach etwa 65 Km&nbsp; auf der Autobahn A11\/E76, an der Ausfahrt \u201eLucca Ovest\u201c (Lucca West) abfahren und weiter Richtung Viareggio \/ Genova fahren.<br>\u2013 Nach circa 19 Km nehmen Sie die Ausfahrt \u201eViareggio-Camaiore\u201c und folgen Sie der Beschilderung f\u00fcr die Autobahn A12\/E80 Richtung Genua.<br>\u2013 Nach circa 8 Km an der Ausfahrt \u201eVersilia\u201c abfahren.<br>\u2013 Folgen Sie der Beschilderung nach Forte dei Marmi und zum Augustus Hotel &amp; Resort.<\/p>\n\n\n\n<h4 class=\"wp-block-heading\">MIT DER BAHN<\/h4>\n\n\n\n<p>\u2013 Bahnhof Viareggio, ca. 11 Km Entfernung.<br>\u2013 Bahnhof Querceta-Forte del Marmi, in circa 6 Km Entfernung gelegen.<\/p>\n","protected":false},"excerpt":{"rendered":"<p>Nur wenige Minuten vom Ortszentrum von Forte dei Marmi entfernt Die Stadt liegt an der n\u00f6rdlichen K\u00fcste der Toskana, und ist von allen gr\u00f6\u00dferen italienischen St\u00e4dten aus leicht zu erreichen sowohl mit dem Auto&nbsp;\u00fcber die Autobahn A12\/E80 an der Ausfahrt \u201eVersilia\u201c,&nbsp;als auch mit der Bahn von den Bahnh\u00f6fen&nbsp;Viareggio,&nbsp;Querceta&nbsp;oder&nbsp;Pietrasanta&nbsp; aus; mit dem Flugzeug ist es aus [&hellip;]<\/p>\n","protected":false},"author":1,"featured_media":0,"parent":0,"menu_order":0,"comment_status":"closed","ping_status":"closed","template":"template-contatti.php","meta":{"_acf_changed":false,"footnotes":""},"class_list":["post-1095","page","type-page","status-publish","hentry"],"acf":[],"yoast_head":"<!-- This site is optimized with the Yoast SEO plugin v27.2 - https:\/\/yoast.com\/product\/yoast-seo-wordpress\/ -->\n<title>Wie Sie uns erreichen a Forte dei Marmi - Augustus Beach Club - Forte dei Marmi<\/title>\n<meta name=\"description\" content=\"So erreichen Sie Forte dei Marmi und den Augustus Beach Club mit dem Auto, dem Zug und dem Flugzeug. Welche internationalen Flugh\u00e4fen zu gelangen\" \/>\n<meta name=\"robots\" content=\"index, follow, max-snippet:-1, max-image-preview:large, max-video-preview:-1\" \/>\n<link rel=\"canonical\" href=\"https:\/\/www.augustusbeachclub.com\/de\/wie-sie-uns-erreichen\/\" \/>\n<meta property=\"og:locale\" content=\"de_DE\" \/>\n<meta property=\"og:type\" content=\"article\" \/>\n<meta property=\"og:title\" content=\"Wie Sie uns erreichen a Forte dei Marmi - Augustus Beach Club - Forte dei Marmi\" \/>\n<meta property=\"og:description\" content=\"So erreichen Sie Forte dei Marmi und den Augustus Beach Club mit dem Auto, dem Zug und dem Flugzeug. Welche internationalen Flugh\u00e4fen zu gelangen\" \/>\n<meta property=\"og:url\" content=\"https:\/\/www.augustusbeachclub.com\/de\/wie-sie-uns-erreichen\/\" \/>\n<meta property=\"og:site_name\" content=\"Augustus Beach Club - Forte dei Marmi\" \/>\n<meta property=\"article:modified_time\" content=\"2025-12-15T15:08:46+00:00\" \/>\n<script type=\"application\/ld+json\" class=\"yoast-schema-graph\">{\"@context\":\"https:\/\/schema.org\",\"@graph\":[{\"@type\":\"WebPage\",\"@id\":\"https:\/\/www.augustusbeachclub.com\/de\/wie-sie-uns-erreichen\/\",\"url\":\"https:\/\/www.augustusbeachclub.com\/de\/wie-sie-uns-erreichen\/\",\"name\":\"Wie Sie uns erreichen a Forte dei Marmi - Augustus Beach Club - Forte dei Marmi\",\"isPartOf\":{\"@id\":\"https:\/\/www.augustusbeachclub.com\/de\/#website\"},\"datePublished\":\"2025-12-05T11:25:39+00:00\",\"dateModified\":\"2025-12-15T15:08:46+00:00\",\"description\":\"So erreichen Sie Forte dei Marmi und den Augustus Beach Club mit dem Auto, dem Zug und dem Flugzeug. Welche internationalen Flugh\u00e4fen zu gelangen\",\"breadcrumb\":{\"@id\":\"https:\/\/www.augustusbeachclub.com\/de\/wie-sie-uns-erreichen\/#breadcrumb\"},\"inLanguage\":\"de\",\"potentialAction\":[{\"@type\":\"ReadAction\",\"target\":[\"https:\/\/www.augustusbeachclub.com\/de\/wie-sie-uns-erreichen\/\"]}]},{\"@type\":\"BreadcrumbList\",\"@id\":\"https:\/\/www.augustusbeachclub.com\/de\/wie-sie-uns-erreichen\/#breadcrumb\",\"itemListElement\":[{\"@type\":\"ListItem\",\"position\":1,\"name\":\"Home\",\"item\":\"https:\/\/www.augustusbeachclub.com\/de\/\"},{\"@type\":\"ListItem\",\"position\":2,\"name\":\"Wie Sie uns erreichen\"}]},{\"@type\":\"WebSite\",\"@id\":\"https:\/\/www.augustusbeachclub.com\/de\/#website\",\"url\":\"https:\/\/www.augustusbeachclub.com\/de\/\",\"name\":\"Augustus Beach Club - Forte dei Marmi\",\"description\":\"\",\"publisher\":{\"@id\":\"https:\/\/www.augustusbeachclub.com\/de\/#organization\"},\"potentialAction\":[{\"@type\":\"SearchAction\",\"target\":{\"@type\":\"EntryPoint\",\"urlTemplate\":\"https:\/\/www.augustusbeachclub.com\/de\/?s={search_term_string}\"},\"query-input\":{\"@type\":\"PropertyValueSpecification\",\"valueRequired\":true,\"valueName\":\"search_term_string\"}}],\"inLanguage\":\"de\"},{\"@type\":\"Organization\",\"@id\":\"https:\/\/www.augustusbeachclub.com\/de\/#organization\",\"name\":\"Augustus Beach Club - Forte dei Marmi\",\"url\":\"https:\/\/www.augustusbeachclub.com\/de\/\",\"logo\":{\"@type\":\"ImageObject\",\"inLanguage\":\"de\",\"@id\":\"https:\/\/www.augustusbeachclub.com\/de\/#\/schema\/logo\/image\/\",\"url\":\"https:\/\/www.augustusbeachclub.com\/wp-content\/uploads\/2025\/12\/logo-augustus-colore-a.svg\",\"contentUrl\":\"https:\/\/www.augustusbeachclub.com\/wp-content\/uploads\/2025\/12\/logo-augustus-colore-a.svg\",\"width\":1,\"height\":1,\"caption\":\"Augustus Beach Club - Forte dei Marmi\"},\"image\":{\"@id\":\"https:\/\/www.augustusbeachclub.com\/de\/#\/schema\/logo\/image\/\"}}]}<\/script>\n<!-- \/ Yoast SEO plugin. -->","yoast_head_json":{"title":"Wie Sie uns erreichen a Forte dei Marmi - Augustus Beach Club - Forte dei Marmi","description":"So erreichen Sie Forte dei Marmi und den Augustus Beach Club mit dem Auto, dem Zug und dem Flugzeug. Welche internationalen Flugh\u00e4fen zu gelangen","robots":{"index":"index","follow":"follow","max-snippet":"max-snippet:-1","max-image-preview":"max-image-preview:large","max-video-preview":"max-video-preview:-1"},"canonical":"https:\/\/www.augustusbeachclub.com\/de\/wie-sie-uns-erreichen\/","og_locale":"de_DE","og_type":"article","og_title":"Wie Sie uns erreichen a Forte dei Marmi - Augustus Beach Club - Forte dei Marmi","og_description":"So erreichen Sie Forte dei Marmi und den Augustus Beach Club mit dem Auto, dem Zug und dem Flugzeug. Welche internationalen Flugh\u00e4fen zu gelangen","og_url":"https:\/\/www.augustusbeachclub.com\/de\/wie-sie-uns-erreichen\/","og_site_name":"Augustus Beach Club - Forte dei Marmi","article_modified_time":"2025-12-15T15:08:46+00:00","schema":{"@context":"https:\/\/schema.org","@graph":[{"@type":"WebPage","@id":"https:\/\/www.augustusbeachclub.com\/de\/wie-sie-uns-erreichen\/","url":"https:\/\/www.augustusbeachclub.com\/de\/wie-sie-uns-erreichen\/","name":"Wie Sie uns erreichen a Forte dei Marmi - Augustus Beach Club - Forte dei Marmi","isPartOf":{"@id":"https:\/\/www.augustusbeachclub.com\/de\/#website"},"datePublished":"2025-12-05T11:25:39+00:00","dateModified":"2025-12-15T15:08:46+00:00","description":"So erreichen Sie Forte dei Marmi und den Augustus Beach Club mit dem Auto, dem Zug und dem Flugzeug. Welche internationalen Flugh\u00e4fen zu gelangen","breadcrumb":{"@id":"https:\/\/www.augustusbeachclub.com\/de\/wie-sie-uns-erreichen\/#breadcrumb"},"inLanguage":"de","potentialAction":[{"@type":"ReadAction","target":["https:\/\/www.augustusbeachclub.com\/de\/wie-sie-uns-erreichen\/"]}]},{"@type":"BreadcrumbList","@id":"https:\/\/www.augustusbeachclub.com\/de\/wie-sie-uns-erreichen\/#breadcrumb","itemListElement":[{"@type":"ListItem","position":1,"name":"Home","item":"https:\/\/www.augustusbeachclub.com\/de\/"},{"@type":"ListItem","position":2,"name":"Wie Sie uns erreichen"}]},{"@type":"WebSite","@id":"https:\/\/www.augustusbeachclub.com\/de\/#website","url":"https:\/\/www.augustusbeachclub.com\/de\/","name":"Augustus Beach Club - Forte dei Marmi","description":"","publisher":{"@id":"https:\/\/www.augustusbeachclub.com\/de\/#organization"},"potentialAction":[{"@type":"SearchAction","target":{"@type":"EntryPoint","urlTemplate":"https:\/\/www.augustusbeachclub.com\/de\/?s={search_term_string}"},"query-input":{"@type":"PropertyValueSpecification","valueRequired":true,"valueName":"search_term_string"}}],"inLanguage":"de"},{"@type":"Organization","@id":"https:\/\/www.augustusbeachclub.com\/de\/#organization","name":"Augustus Beach Club - Forte dei Marmi","url":"https:\/\/www.augustusbeachclub.com\/de\/","logo":{"@type":"ImageObject","inLanguage":"de","@id":"https:\/\/www.augustusbeachclub.com\/de\/#\/schema\/logo\/image\/","url":"https:\/\/www.augustusbeachclub.com\/wp-content\/uploads\/2025\/12\/logo-augustus-colore-a.svg","contentUrl":"https:\/\/www.augustusbeachclub.com\/wp-content\/uploads\/2025\/12\/logo-augustus-colore-a.svg","width":1,"height":1,"caption":"Augustus Beach Club - Forte dei Marmi"},"image":{"@id":"https:\/\/www.augustusbeachclub.com\/de\/#\/schema\/logo\/image\/"}}]}},"_links":{"self":[{"href":"https:\/\/www.augustusbeachclub.com\/de\/wp-json\/wp\/v2\/pages\/1095","targetHints":{"allow":["GET"]}}],"collection":[{"href":"https:\/\/www.augustusbeachclub.com\/de\/wp-json\/wp\/v2\/pages"}],"about":[{"href":"https:\/\/www.augustusbeachclub.com\/de\/wp-json\/wp\/v2\/types\/page"}],"author":[{"embeddable":true,"href":"https:\/\/www.augustusbeachclub.com\/de\/wp-json\/wp\/v2\/users\/1"}],"replies":[{"embeddable":true,"href":"https:\/\/www.augustusbeachclub.com\/de\/wp-json\/wp\/v2\/comments?post=1095"}],"version-history":[{"count":4,"href":"https:\/\/www.augustusbeachclub.com\/de\/wp-json\/wp\/v2\/pages\/1095\/revisions"}],"predecessor-version":[{"id":1498,"href":"https:\/\/www.augustusbeachclub.com\/de\/wp-json\/wp\/v2\/pages\/1095\/revisions\/1498"}],"wp:attachment":[{"href":"https:\/\/www.augustusbeachclub.com\/de\/wp-json\/wp\/v2\/media?parent=1095"}],"curies":[{"name":"wp","href":"https:\/\/api.w.org\/{rel}","templated":true}]}}