{"id":1132,"date":"2025-12-05T12:21:10","date_gmt":"2025-12-05T11:21:10","guid":{"rendered":"https:\/\/augustusbeachclub.com\/serata-romantica-in-spiaggia\/"},"modified":"2025-12-16T01:49:17","modified_gmt":"2025-12-16T00:49:17","slug":"romantisches-abendessen-am-strand","status":"publish","type":"page","link":"https:\/\/www.augustusbeachclub.com\/de\/romantisches-abendessen-am-strand\/","title":{"rendered":"Abendessen bei Sonnenuntergang unter dem Strand-Gazebo"},"content":{"rendered":"\n<h2 class=\"wp-block-heading color-gold subtitle\">Ihre romantische Ecke am Strand<\/h2>\n\n\n\n<p class=\"title-style-medium\">F\u00fcr ein romantisches Abendessen bei Kerzenlicht, oder um eine besondere Gelegenheit im Paar, mit Freunden oder mit der Familie zu feiern, k\u00f6nnen Sie ein exklusives Abendessen unter den Zelten am Meer genie\u00dfen.<\/p>\n","protected":false},"excerpt":{"rendered":"<p>Ihre romantische Ecke am Strand F\u00fcr ein romantisches Abendessen bei Kerzenlicht, oder um eine besondere Gelegenheit im Paar, mit Freunden oder mit der Familie zu feiern, k\u00f6nnen Sie ein exklusives Abendessen unter den Zelten am Meer genie\u00dfen.<\/p>\n","protected":false},"author":1,"featured_media":211,"parent":0,"menu_order":0,"comment_status":"closed","ping_status":"closed","template":"template-hero-h1-top.php","meta":{"_acf_changed":false,"footnotes":""},"class_list":["post-1132","page","type-page","status-publish","has-post-thumbnail","hentry"],"acf":[],"yoast_head":"<!-- This site is optimized with the Yoast SEO plugin v27.2 - https:\/\/yoast.com\/product\/yoast-seo-wordpress\/ -->\n<title>Romantisches Abendessen am Meer - Augustus Beach Club - Forte dei Marmi<\/title>\n<meta name=\"description\" content=\"M\u00f6chten Sie Ihren romantischen Abend am Strand organisieren? W\u00e4hlen Sie den Augustus Beach Club f\u00fcr ein Abendessen am Strand am Meer\" \/>\n<meta name=\"robots\" content=\"index, follow, max-snippet:-1, max-image-preview:large, max-video-preview:-1\" \/>\n<link rel=\"canonical\" href=\"https:\/\/www.augustusbeachclub.com\/de\/romantisches-abendessen-am-strand\/\" \/>\n<meta property=\"og:locale\" content=\"de_DE\" \/>\n<meta property=\"og:type\" content=\"article\" \/>\n<meta property=\"og:title\" content=\"Romantisches Abendessen am Meer - Augustus Beach Club - Forte dei Marmi\" \/>\n<meta property=\"og:description\" content=\"M\u00f6chten Sie Ihren romantischen Abend am Strand organisieren? W\u00e4hlen Sie den Augustus Beach Club f\u00fcr ein Abendessen am Strand am Meer\" \/>\n<meta property=\"og:url\" content=\"https:\/\/www.augustusbeachclub.com\/de\/romantisches-abendessen-am-strand\/\" \/>\n<meta property=\"og:site_name\" content=\"Augustus Beach Club - Forte dei Marmi\" \/>\n<meta property=\"article:modified_time\" content=\"2025-12-16T00:49:17+00:00\" \/>\n<meta property=\"og:image\" content=\"https:\/\/www.augustusbeachclub.com\/wp-content\/uploads\/2025\/12\/augustus-beach-club_025.webp\" \/>\n\t<meta property=\"og:image:width\" content=\"1200\" \/>\n\t<meta property=\"og:image:height\" content=\"1600\" \/>\n\t<meta property=\"og:image:type\" content=\"image\/webp\" \/>\n<script type=\"application\/ld+json\" class=\"yoast-schema-graph\">{\"@context\":\"https:\/\/schema.org\",\"@graph\":[{\"@type\":\"WebPage\",\"@id\":\"https:\/\/www.augustusbeachclub.com\/de\/romantisches-abendessen-am-strand\/\",\"url\":\"https:\/\/www.augustusbeachclub.com\/de\/romantisches-abendessen-am-strand\/\",\"name\":\"Romantisches Abendessen am Meer - Augustus Beach Club - Forte dei Marmi\",\"isPartOf\":{\"@id\":\"https:\/\/www.augustusbeachclub.com\/de\/#website\"},\"primaryImageOfPage\":{\"@id\":\"https:\/\/www.augustusbeachclub.com\/de\/romantisches-abendessen-am-strand\/#primaryimage\"},\"image\":{\"@id\":\"https:\/\/www.augustusbeachclub.com\/de\/romantisches-abendessen-am-strand\/#primaryimage\"},\"thumbnailUrl\":\"https:\/\/www.augustusbeachclub.com\/wp-content\/uploads\/2025\/12\/augustus-beach-club_025.webp\",\"datePublished\":\"2025-12-05T11:21:10+00:00\",\"dateModified\":\"2025-12-16T00:49:17+00:00\",\"description\":\"M\u00f6chten Sie Ihren romantischen Abend am Strand organisieren? W\u00e4hlen Sie den Augustus Beach Club f\u00fcr ein Abendessen am Strand am Meer\",\"breadcrumb\":{\"@id\":\"https:\/\/www.augustusbeachclub.com\/de\/romantisches-abendessen-am-strand\/#breadcrumb\"},\"inLanguage\":\"de\",\"potentialAction\":[{\"@type\":\"ReadAction\",\"target\":[\"https:\/\/www.augustusbeachclub.com\/de\/romantisches-abendessen-am-strand\/\"]}]},{\"@type\":\"ImageObject\",\"inLanguage\":\"de\",\"@id\":\"https:\/\/www.augustusbeachclub.com\/de\/romantisches-abendessen-am-strand\/#primaryimage\",\"url\":\"https:\/\/www.augustusbeachclub.com\/wp-content\/uploads\/2025\/12\/augustus-beach-club_025.webp\",\"contentUrl\":\"https:\/\/www.augustusbeachclub.com\/wp-content\/uploads\/2025\/12\/augustus-beach-club_025.webp\",\"width\":1200,\"height\":1600},{\"@type\":\"BreadcrumbList\",\"@id\":\"https:\/\/www.augustusbeachclub.com\/de\/romantisches-abendessen-am-strand\/#breadcrumb\",\"itemListElement\":[{\"@type\":\"ListItem\",\"position\":1,\"name\":\"Home\",\"item\":\"https:\/\/www.augustusbeachclub.com\/de\/\"},{\"@type\":\"ListItem\",\"position\":2,\"name\":\"Abendessen bei Sonnenuntergang unter dem Strand-Gazebo\"}]},{\"@type\":\"WebSite\",\"@id\":\"https:\/\/www.augustusbeachclub.com\/de\/#website\",\"url\":\"https:\/\/www.augustusbeachclub.com\/de\/\",\"name\":\"Augustus Beach Club - Forte dei Marmi\",\"description\":\"\",\"publisher\":{\"@id\":\"https:\/\/www.augustusbeachclub.com\/de\/#organization\"},\"potentialAction\":[{\"@type\":\"SearchAction\",\"target\":{\"@type\":\"EntryPoint\",\"urlTemplate\":\"https:\/\/www.augustusbeachclub.com\/de\/?s={search_term_string}\"},\"query-input\":{\"@type\":\"PropertyValueSpecification\",\"valueRequired\":true,\"valueName\":\"search_term_string\"}}],\"inLanguage\":\"de\"},{\"@type\":\"Organization\",\"@id\":\"https:\/\/www.augustusbeachclub.com\/de\/#organization\",\"name\":\"Augustus Beach Club - Forte dei Marmi\",\"url\":\"https:\/\/www.augustusbeachclub.com\/de\/\",\"logo\":{\"@type\":\"ImageObject\",\"inLanguage\":\"de\",\"@id\":\"https:\/\/www.augustusbeachclub.com\/de\/#\/schema\/logo\/image\/\",\"url\":\"https:\/\/www.augustusbeachclub.com\/wp-content\/uploads\/2025\/12\/logo-augustus-colore-a.svg\",\"contentUrl\":\"https:\/\/www.augustusbeachclub.com\/wp-content\/uploads\/2025\/12\/logo-augustus-colore-a.svg\",\"width\":1,\"height\":1,\"caption\":\"Augustus Beach Club - Forte dei Marmi\"},\"image\":{\"@id\":\"https:\/\/www.augustusbeachclub.com\/de\/#\/schema\/logo\/image\/\"}}]}<\/script>\n<!-- \/ Yoast SEO plugin. -->","yoast_head_json":{"title":"Romantisches Abendessen am Meer - Augustus Beach Club - Forte dei Marmi","description":"M\u00f6chten Sie Ihren romantischen Abend am Strand organisieren? W\u00e4hlen Sie den Augustus Beach Club f\u00fcr ein Abendessen am Strand am Meer","robots":{"index":"index","follow":"follow","max-snippet":"max-snippet:-1","max-image-preview":"max-image-preview:large","max-video-preview":"max-video-preview:-1"},"canonical":"https:\/\/www.augustusbeachclub.com\/de\/romantisches-abendessen-am-strand\/","og_locale":"de_DE","og_type":"article","og_title":"Romantisches Abendessen am Meer - Augustus Beach Club - Forte dei Marmi","og_description":"M\u00f6chten Sie Ihren romantischen Abend am Strand organisieren? W\u00e4hlen Sie den Augustus Beach Club f\u00fcr ein Abendessen am Strand am Meer","og_url":"https:\/\/www.augustusbeachclub.com\/de\/romantisches-abendessen-am-strand\/","og_site_name":"Augustus Beach Club - Forte dei Marmi","article_modified_time":"2025-12-16T00:49:17+00:00","og_image":[{"width":1200,"height":1600,"url":"https:\/\/www.augustusbeachclub.com\/wp-content\/uploads\/2025\/12\/augustus-beach-club_025.webp","type":"image\/webp"}],"schema":{"@context":"https:\/\/schema.org","@graph":[{"@type":"WebPage","@id":"https:\/\/www.augustusbeachclub.com\/de\/romantisches-abendessen-am-strand\/","url":"https:\/\/www.augustusbeachclub.com\/de\/romantisches-abendessen-am-strand\/","name":"Romantisches Abendessen am Meer - Augustus Beach Club - Forte dei Marmi","isPartOf":{"@id":"https:\/\/www.augustusbeachclub.com\/de\/#website"},"primaryImageOfPage":{"@id":"https:\/\/www.augustusbeachclub.com\/de\/romantisches-abendessen-am-strand\/#primaryimage"},"image":{"@id":"https:\/\/www.augustusbeachclub.com\/de\/romantisches-abendessen-am-strand\/#primaryimage"},"thumbnailUrl":"https:\/\/www.augustusbeachclub.com\/wp-content\/uploads\/2025\/12\/augustus-beach-club_025.webp","datePublished":"2025-12-05T11:21:10+00:00","dateModified":"2025-12-16T00:49:17+00:00","description":"M\u00f6chten Sie Ihren romantischen Abend am Strand organisieren? W\u00e4hlen Sie den Augustus Beach Club f\u00fcr ein Abendessen am Strand am Meer","breadcrumb":{"@id":"https:\/\/www.augustusbeachclub.com\/de\/romantisches-abendessen-am-strand\/#breadcrumb"},"inLanguage":"de","potentialAction":[{"@type":"ReadAction","target":["https:\/\/www.augustusbeachclub.com\/de\/romantisches-abendessen-am-strand\/"]}]},{"@type":"ImageObject","inLanguage":"de","@id":"https:\/\/www.augustusbeachclub.com\/de\/romantisches-abendessen-am-strand\/#primaryimage","url":"https:\/\/www.augustusbeachclub.com\/wp-content\/uploads\/2025\/12\/augustus-beach-club_025.webp","contentUrl":"https:\/\/www.augustusbeachclub.com\/wp-content\/uploads\/2025\/12\/augustus-beach-club_025.webp","width":1200,"height":1600},{"@type":"BreadcrumbList","@id":"https:\/\/www.augustusbeachclub.com\/de\/romantisches-abendessen-am-strand\/#breadcrumb","itemListElement":[{"@type":"ListItem","position":1,"name":"Home","item":"https:\/\/www.augustusbeachclub.com\/de\/"},{"@type":"ListItem","position":2,"name":"Abendessen bei Sonnenuntergang unter dem Strand-Gazebo"}]},{"@type":"WebSite","@id":"https:\/\/www.augustusbeachclub.com\/de\/#website","url":"https:\/\/www.augustusbeachclub.com\/de\/","name":"Augustus Beach Club - Forte dei Marmi","description":"","publisher":{"@id":"https:\/\/www.augustusbeachclub.com\/de\/#organization"},"potentialAction":[{"@type":"SearchAction","target":{"@type":"EntryPoint","urlTemplate":"https:\/\/www.augustusbeachclub.com\/de\/?s={search_term_string}"},"query-input":{"@type":"PropertyValueSpecification","valueRequired":true,"valueName":"search_term_string"}}],"inLanguage":"de"},{"@type":"Organization","@id":"https:\/\/www.augustusbeachclub.com\/de\/#organization","name":"Augustus Beach Club - Forte dei Marmi","url":"https:\/\/www.augustusbeachclub.com\/de\/","logo":{"@type":"ImageObject","inLanguage":"de","@id":"https:\/\/www.augustusbeachclub.com\/de\/#\/schema\/logo\/image\/","url":"https:\/\/www.augustusbeachclub.com\/wp-content\/uploads\/2025\/12\/logo-augustus-colore-a.svg","contentUrl":"https:\/\/www.augustusbeachclub.com\/wp-content\/uploads\/2025\/12\/logo-augustus-colore-a.svg","width":1,"height":1,"caption":"Augustus Beach Club - Forte dei Marmi"},"image":{"@id":"https:\/\/www.augustusbeachclub.com\/de\/#\/schema\/logo\/image\/"}}]}},"_links":{"self":[{"href":"https:\/\/www.augustusbeachclub.com\/de\/wp-json\/wp\/v2\/pages\/1132","targetHints":{"allow":["GET"]}}],"collection":[{"href":"https:\/\/www.augustusbeachclub.com\/de\/wp-json\/wp\/v2\/pages"}],"about":[{"href":"https:\/\/www.augustusbeachclub.com\/de\/wp-json\/wp\/v2\/types\/page"}],"author":[{"embeddable":true,"href":"https:\/\/www.augustusbeachclub.com\/de\/wp-json\/wp\/v2\/users\/1"}],"replies":[{"embeddable":true,"href":"https:\/\/www.augustusbeachclub.com\/de\/wp-json\/wp\/v2\/comments?post=1132"}],"version-history":[{"count":6,"href":"https:\/\/www.augustusbeachclub.com\/de\/wp-json\/wp\/v2\/pages\/1132\/revisions"}],"predecessor-version":[{"id":1671,"href":"https:\/\/www.augustusbeachclub.com\/de\/wp-json\/wp\/v2\/pages\/1132\/revisions\/1671"}],"wp:featuredmedia":[{"embeddable":true,"href":"https:\/\/www.augustusbeachclub.com\/de\/wp-json\/wp\/v2\/media\/211"}],"wp:attachment":[{"href":"https:\/\/www.augustusbeachclub.com\/de\/wp-json\/wp\/v2\/media?parent=1132"}],"curies":[{"name":"wp","href":"https:\/\/api.w.org\/{rel}","templated":true}]}}