{"id":1279,"date":"2025-12-05T12:22:10","date_gmt":"2025-12-05T11:22:10","guid":{"rendered":"https:\/\/augustusbeachclub.com\/spiaggia-per-bambini-forte-dei-marmi\/"},"modified":"2026-03-31T12:18:50","modified_gmt":"2026-03-31T10:18:50","slug":"family-hotel","status":"publish","type":"page","link":"https:\/\/www.augustusbeachclub.com\/de\/family-hotel\/","title":{"rendered":"Kids Beach"},"content":{"rendered":"\n<h2 class=\"wp-block-heading subtitle color-gold mb-4\">Ihr kinderfreundlicher Strand, wo Eleganz auf Ruhe trifft<\/h2>\n\n\n\n<p class=\"p-style-medium\">Im Augustus Beach Club wird der Urlaub der Kinder zu einem besonderen Erlebnis: Sie k\u00f6nnen sicher spielen und sich vergn\u00fcgen, w\u00e4hrend die Eltern die Entspannung an unserem exklusiven Privatstrand genie\u00dfen. Gro\u00dfz\u00fcgige Bereiche, spezielle Services und eine aufrichtige Aufmerksamkeit f\u00fcr die j\u00fcngsten G\u00e4ste machen jeden Tag am Meer zu einem ruhigen und unvergesslichen Moment \u2013 eingebettet in den einzigartigen Charme von Forte dei Marmi.<\/p>\n\n\n\n<p><\/p>\n","protected":false},"excerpt":{"rendered":"<p>Ihr kinderfreundlicher Strand, wo Eleganz auf Ruhe trifft Im Augustus Beach Club wird der Urlaub der Kinder zu einem besonderen Erlebnis: Sie k\u00f6nnen sicher spielen und sich vergn\u00fcgen, w\u00e4hrend die Eltern die Entspannung an unserem exklusiven Privatstrand genie\u00dfen. Gro\u00dfz\u00fcgige Bereiche, spezielle Services und eine aufrichtige Aufmerksamkeit f\u00fcr die j\u00fcngsten G\u00e4ste machen jeden Tag am Meer [&hellip;]<\/p>\n","protected":false},"author":1,"featured_media":268,"parent":0,"menu_order":0,"comment_status":"closed","ping_status":"closed","template":"template-hero-h1-top.php","meta":{"_acf_changed":false,"footnotes":""},"class_list":["post-1279","page","type-page","status-publish","has-post-thumbnail","hentry"],"acf":[],"yoast_head":"<!-- This site is optimized with the Yoast SEO plugin v27.2 - https:\/\/yoast.com\/product\/yoast-seo-wordpress\/ -->\n<title>Kids Beach - Augustus Beach Club - Forte dei Marmi<\/title>\n<meta name=\"description\" content=\"Der Augustus Beach Club ist der ideale Ort f\u00fcr einen luxuri\u00f6sen Strandurlaub mit der Familie in Italien. Kontaktieren Sie uns f\u00fcr weitere Informationen\" \/>\n<meta name=\"robots\" content=\"index, follow, max-snippet:-1, max-image-preview:large, max-video-preview:-1\" \/>\n<link rel=\"canonical\" href=\"https:\/\/www.augustusbeachclub.com\/de\/family-hotel\/\" \/>\n<meta property=\"og:locale\" content=\"de_DE\" \/>\n<meta property=\"og:type\" content=\"article\" \/>\n<meta property=\"og:title\" content=\"Kids Beach - Augustus Beach Club - Forte dei Marmi\" \/>\n<meta property=\"og:description\" content=\"Der Augustus Beach Club ist der ideale Ort f\u00fcr einen luxuri\u00f6sen Strandurlaub mit der Familie in Italien. Kontaktieren Sie uns f\u00fcr weitere Informationen\" \/>\n<meta property=\"og:url\" content=\"https:\/\/www.augustusbeachclub.com\/de\/family-hotel\/\" \/>\n<meta property=\"og:site_name\" content=\"Augustus Beach Club - Forte dei Marmi\" \/>\n<meta property=\"article:modified_time\" content=\"2026-03-31T10:18:50+00:00\" \/>\n<meta property=\"og:image\" content=\"https:\/\/www.augustusbeachclub.com\/wp-content\/uploads\/2025\/12\/Augustus-Hotel-resort-forte-dei-marmi-family-hotel-f18.webp\" \/>\n\t<meta property=\"og:image:width\" content=\"1920\" \/>\n\t<meta property=\"og:image:height\" content=\"1280\" \/>\n\t<meta property=\"og:image:type\" content=\"image\/webp\" \/>\n<script type=\"application\/ld+json\" class=\"yoast-schema-graph\">{\"@context\":\"https:\/\/schema.org\",\"@graph\":[{\"@type\":\"WebPage\",\"@id\":\"https:\/\/www.augustusbeachclub.com\/de\/family-hotel\/\",\"url\":\"https:\/\/www.augustusbeachclub.com\/de\/family-hotel\/\",\"name\":\"Kids Beach - Augustus Beach Club - Forte dei Marmi\",\"isPartOf\":{\"@id\":\"https:\/\/www.augustusbeachclub.com\/de\/#website\"},\"primaryImageOfPage\":{\"@id\":\"https:\/\/www.augustusbeachclub.com\/de\/family-hotel\/#primaryimage\"},\"image\":{\"@id\":\"https:\/\/www.augustusbeachclub.com\/de\/family-hotel\/#primaryimage\"},\"thumbnailUrl\":\"https:\/\/www.augustusbeachclub.com\/wp-content\/uploads\/2025\/12\/Augustus-Hotel-resort-forte-dei-marmi-family-hotel-f18.webp\",\"datePublished\":\"2025-12-05T11:22:10+00:00\",\"dateModified\":\"2026-03-31T10:18:50+00:00\",\"description\":\"Der Augustus Beach Club ist der ideale Ort f\u00fcr einen luxuri\u00f6sen Strandurlaub mit der Familie in Italien. Kontaktieren Sie uns f\u00fcr weitere Informationen\",\"breadcrumb\":{\"@id\":\"https:\/\/www.augustusbeachclub.com\/de\/family-hotel\/#breadcrumb\"},\"inLanguage\":\"de\",\"potentialAction\":[{\"@type\":\"ReadAction\",\"target\":[\"https:\/\/www.augustusbeachclub.com\/de\/family-hotel\/\"]}]},{\"@type\":\"ImageObject\",\"inLanguage\":\"de\",\"@id\":\"https:\/\/www.augustusbeachclub.com\/de\/family-hotel\/#primaryimage\",\"url\":\"https:\/\/www.augustusbeachclub.com\/wp-content\/uploads\/2025\/12\/Augustus-Hotel-resort-forte-dei-marmi-family-hotel-f18.webp\",\"contentUrl\":\"https:\/\/www.augustusbeachclub.com\/wp-content\/uploads\/2025\/12\/Augustus-Hotel-resort-forte-dei-marmi-family-hotel-f18.webp\",\"width\":1920,\"height\":1280},{\"@type\":\"BreadcrumbList\",\"@id\":\"https:\/\/www.augustusbeachclub.com\/de\/family-hotel\/#breadcrumb\",\"itemListElement\":[{\"@type\":\"ListItem\",\"position\":1,\"name\":\"Home\",\"item\":\"https:\/\/www.augustusbeachclub.com\/de\/\"},{\"@type\":\"ListItem\",\"position\":2,\"name\":\"Kids Beach\"}]},{\"@type\":\"WebSite\",\"@id\":\"https:\/\/www.augustusbeachclub.com\/de\/#website\",\"url\":\"https:\/\/www.augustusbeachclub.com\/de\/\",\"name\":\"Augustus Beach Club - Forte dei Marmi\",\"description\":\"\",\"publisher\":{\"@id\":\"https:\/\/www.augustusbeachclub.com\/de\/#organization\"},\"potentialAction\":[{\"@type\":\"SearchAction\",\"target\":{\"@type\":\"EntryPoint\",\"urlTemplate\":\"https:\/\/www.augustusbeachclub.com\/de\/?s={search_term_string}\"},\"query-input\":{\"@type\":\"PropertyValueSpecification\",\"valueRequired\":true,\"valueName\":\"search_term_string\"}}],\"inLanguage\":\"de\"},{\"@type\":\"Organization\",\"@id\":\"https:\/\/www.augustusbeachclub.com\/de\/#organization\",\"name\":\"Augustus Beach Club - Forte dei Marmi\",\"url\":\"https:\/\/www.augustusbeachclub.com\/de\/\",\"logo\":{\"@type\":\"ImageObject\",\"inLanguage\":\"de\",\"@id\":\"https:\/\/www.augustusbeachclub.com\/de\/#\/schema\/logo\/image\/\",\"url\":\"https:\/\/www.augustusbeachclub.com\/wp-content\/uploads\/2025\/12\/logo-augustus-colore-a.svg\",\"contentUrl\":\"https:\/\/www.augustusbeachclub.com\/wp-content\/uploads\/2025\/12\/logo-augustus-colore-a.svg\",\"width\":1,\"height\":1,\"caption\":\"Augustus Beach Club - Forte dei Marmi\"},\"image\":{\"@id\":\"https:\/\/www.augustusbeachclub.com\/de\/#\/schema\/logo\/image\/\"}}]}<\/script>\n<!-- \/ Yoast SEO plugin. -->","yoast_head_json":{"title":"Kids Beach - Augustus Beach Club - Forte dei Marmi","description":"Der Augustus Beach Club ist der ideale Ort f\u00fcr einen luxuri\u00f6sen Strandurlaub mit der Familie in Italien. Kontaktieren Sie uns f\u00fcr weitere Informationen","robots":{"index":"index","follow":"follow","max-snippet":"max-snippet:-1","max-image-preview":"max-image-preview:large","max-video-preview":"max-video-preview:-1"},"canonical":"https:\/\/www.augustusbeachclub.com\/de\/family-hotel\/","og_locale":"de_DE","og_type":"article","og_title":"Kids Beach - Augustus Beach Club - Forte dei Marmi","og_description":"Der Augustus Beach Club ist der ideale Ort f\u00fcr einen luxuri\u00f6sen Strandurlaub mit der Familie in Italien. Kontaktieren Sie uns f\u00fcr weitere Informationen","og_url":"https:\/\/www.augustusbeachclub.com\/de\/family-hotel\/","og_site_name":"Augustus Beach Club - Forte dei Marmi","article_modified_time":"2026-03-31T10:18:50+00:00","og_image":[{"width":1920,"height":1280,"url":"https:\/\/www.augustusbeachclub.com\/wp-content\/uploads\/2025\/12\/Augustus-Hotel-resort-forte-dei-marmi-family-hotel-f18.webp","type":"image\/webp"}],"schema":{"@context":"https:\/\/schema.org","@graph":[{"@type":"WebPage","@id":"https:\/\/www.augustusbeachclub.com\/de\/family-hotel\/","url":"https:\/\/www.augustusbeachclub.com\/de\/family-hotel\/","name":"Kids Beach - Augustus Beach Club - Forte dei Marmi","isPartOf":{"@id":"https:\/\/www.augustusbeachclub.com\/de\/#website"},"primaryImageOfPage":{"@id":"https:\/\/www.augustusbeachclub.com\/de\/family-hotel\/#primaryimage"},"image":{"@id":"https:\/\/www.augustusbeachclub.com\/de\/family-hotel\/#primaryimage"},"thumbnailUrl":"https:\/\/www.augustusbeachclub.com\/wp-content\/uploads\/2025\/12\/Augustus-Hotel-resort-forte-dei-marmi-family-hotel-f18.webp","datePublished":"2025-12-05T11:22:10+00:00","dateModified":"2026-03-31T10:18:50+00:00","description":"Der Augustus Beach Club ist der ideale Ort f\u00fcr einen luxuri\u00f6sen Strandurlaub mit der Familie in Italien. Kontaktieren Sie uns f\u00fcr weitere Informationen","breadcrumb":{"@id":"https:\/\/www.augustusbeachclub.com\/de\/family-hotel\/#breadcrumb"},"inLanguage":"de","potentialAction":[{"@type":"ReadAction","target":["https:\/\/www.augustusbeachclub.com\/de\/family-hotel\/"]}]},{"@type":"ImageObject","inLanguage":"de","@id":"https:\/\/www.augustusbeachclub.com\/de\/family-hotel\/#primaryimage","url":"https:\/\/www.augustusbeachclub.com\/wp-content\/uploads\/2025\/12\/Augustus-Hotel-resort-forte-dei-marmi-family-hotel-f18.webp","contentUrl":"https:\/\/www.augustusbeachclub.com\/wp-content\/uploads\/2025\/12\/Augustus-Hotel-resort-forte-dei-marmi-family-hotel-f18.webp","width":1920,"height":1280},{"@type":"BreadcrumbList","@id":"https:\/\/www.augustusbeachclub.com\/de\/family-hotel\/#breadcrumb","itemListElement":[{"@type":"ListItem","position":1,"name":"Home","item":"https:\/\/www.augustusbeachclub.com\/de\/"},{"@type":"ListItem","position":2,"name":"Kids Beach"}]},{"@type":"WebSite","@id":"https:\/\/www.augustusbeachclub.com\/de\/#website","url":"https:\/\/www.augustusbeachclub.com\/de\/","name":"Augustus Beach Club - Forte dei Marmi","description":"","publisher":{"@id":"https:\/\/www.augustusbeachclub.com\/de\/#organization"},"potentialAction":[{"@type":"SearchAction","target":{"@type":"EntryPoint","urlTemplate":"https:\/\/www.augustusbeachclub.com\/de\/?s={search_term_string}"},"query-input":{"@type":"PropertyValueSpecification","valueRequired":true,"valueName":"search_term_string"}}],"inLanguage":"de"},{"@type":"Organization","@id":"https:\/\/www.augustusbeachclub.com\/de\/#organization","name":"Augustus Beach Club - Forte dei Marmi","url":"https:\/\/www.augustusbeachclub.com\/de\/","logo":{"@type":"ImageObject","inLanguage":"de","@id":"https:\/\/www.augustusbeachclub.com\/de\/#\/schema\/logo\/image\/","url":"https:\/\/www.augustusbeachclub.com\/wp-content\/uploads\/2025\/12\/logo-augustus-colore-a.svg","contentUrl":"https:\/\/www.augustusbeachclub.com\/wp-content\/uploads\/2025\/12\/logo-augustus-colore-a.svg","width":1,"height":1,"caption":"Augustus Beach Club - Forte dei Marmi"},"image":{"@id":"https:\/\/www.augustusbeachclub.com\/de\/#\/schema\/logo\/image\/"}}]}},"_links":{"self":[{"href":"https:\/\/www.augustusbeachclub.com\/de\/wp-json\/wp\/v2\/pages\/1279","targetHints":{"allow":["GET"]}}],"collection":[{"href":"https:\/\/www.augustusbeachclub.com\/de\/wp-json\/wp\/v2\/pages"}],"about":[{"href":"https:\/\/www.augustusbeachclub.com\/de\/wp-json\/wp\/v2\/types\/page"}],"author":[{"embeddable":true,"href":"https:\/\/www.augustusbeachclub.com\/de\/wp-json\/wp\/v2\/users\/1"}],"replies":[{"embeddable":true,"href":"https:\/\/www.augustusbeachclub.com\/de\/wp-json\/wp\/v2\/comments?post=1279"}],"version-history":[{"count":7,"href":"https:\/\/www.augustusbeachclub.com\/de\/wp-json\/wp\/v2\/pages\/1279\/revisions"}],"predecessor-version":[{"id":1732,"href":"https:\/\/www.augustusbeachclub.com\/de\/wp-json\/wp\/v2\/pages\/1279\/revisions\/1732"}],"wp:featuredmedia":[{"embeddable":true,"href":"https:\/\/www.augustusbeachclub.com\/de\/wp-json\/wp\/v2\/media\/268"}],"wp:attachment":[{"href":"https:\/\/www.augustusbeachclub.com\/de\/wp-json\/wp\/v2\/media?parent=1279"}],"curies":[{"name":"wp","href":"https:\/\/api.w.org\/{rel}","templated":true}]}}