{"id":1321,"date":"2025-12-05T12:19:18","date_gmt":"2025-12-05T11:19:18","guid":{"rendered":"https:\/\/augustusbeachclub.com\/matrimonio-spiaggia-versilia\/"},"modified":"2025-12-17T13:20:50","modified_gmt":"2025-12-17T12:20:50","slug":"ihre-traumhochzeit-in-dem-fabelhaften-ort","status":"publish","type":"page","link":"https:\/\/www.augustusbeachclub.com\/de\/ihre-traumhochzeit-in-dem-fabelhaften-ort\/","title":{"rendered":"Hochzeiten mit Charme und Beach Partys"},"content":{"rendered":"\n<p>In die Magie einer Strandhochzeit in der Versilia einzutauchen bedeutet, f\u00fcr den eigenen besonderen Tag eine Kulisse zu w\u00e4hlen, die Romantik, Eleganz und Freiheit vereint.<br>Im Augustus Beach Club wird jedes Detail \u2013 vom Sand unter den F\u00fc\u00dfen bis zum Sonnenuntergang \u00fcber dem Meer \u2013 zu einem einzigartigen, stilvollen und stimmungsvollen Erlebnis: eine perfekte Balance zwischen der ausgelassenen Atmosph\u00e4re eines Beach-Partys und der feierlichen W\u00fcrde einer Trauungszeremonie.<\/p>\n\n\n\n<p class=\"subtitle color-gold\"><strong>Hier wird die K\u00fcste zur B\u00fchne f\u00fcr ein exklusives Event.<\/strong><\/p>\n","protected":false},"excerpt":{"rendered":"<p>In die Magie einer Strandhochzeit in der Versilia einzutauchen bedeutet, f\u00fcr den eigenen besonderen Tag eine Kulisse zu w\u00e4hlen, die Romantik, Eleganz und Freiheit vereint.Im Augustus Beach Club wird jedes Detail \u2013 vom Sand unter den F\u00fc\u00dfen bis zum Sonnenuntergang \u00fcber dem Meer \u2013 zu einem einzigartigen, stilvollen und stimmungsvollen Erlebnis: eine perfekte Balance zwischen [&hellip;]<\/p>\n","protected":false},"author":1,"featured_media":0,"parent":0,"menu_order":0,"comment_status":"closed","ping_status":"closed","template":"template-video.php","meta":{"_acf_changed":false,"footnotes":""},"class_list":["post-1321","page","type-page","status-publish","hentry"],"acf":[],"yoast_head":"<!-- This site is optimized with the Yoast SEO plugin v27.2 - https:\/\/yoast.com\/product\/yoast-seo-wordpress\/ -->\n<title>Hochzeiten mit Charme und Beach Partys - Augustus Beach Club - Forte dei Marmi<\/title>\n<meta name=\"description\" content=\"Sie suchen eine Location f\u00fcr Ihre Hochzeit? Der Augustus Beach Club ist der ideale Ort in der Versilia f\u00fcr eine Strandhochzeit.\" \/>\n<meta name=\"robots\" content=\"index, follow, max-snippet:-1, max-image-preview:large, max-video-preview:-1\" \/>\n<link rel=\"canonical\" href=\"https:\/\/www.augustusbeachclub.com\/de\/ihre-traumhochzeit-in-dem-fabelhaften-ort\/\" \/>\n<meta property=\"og:locale\" content=\"de_DE\" \/>\n<meta property=\"og:type\" content=\"article\" \/>\n<meta property=\"og:title\" content=\"Hochzeiten mit Charme und Beach Partys - Augustus Beach Club - Forte dei Marmi\" \/>\n<meta property=\"og:description\" content=\"Sie suchen eine Location f\u00fcr Ihre Hochzeit? Der Augustus Beach Club ist der ideale Ort in der Versilia f\u00fcr eine Strandhochzeit.\" \/>\n<meta property=\"og:url\" content=\"https:\/\/www.augustusbeachclub.com\/de\/ihre-traumhochzeit-in-dem-fabelhaften-ort\/\" \/>\n<meta property=\"og:site_name\" content=\"Augustus Beach Club - Forte dei Marmi\" \/>\n<meta property=\"article:modified_time\" content=\"2025-12-17T12:20:50+00:00\" \/>\n<script type=\"application\/ld+json\" class=\"yoast-schema-graph\">{\"@context\":\"https:\/\/schema.org\",\"@graph\":[{\"@type\":\"WebPage\",\"@id\":\"https:\/\/www.augustusbeachclub.com\/de\/ihre-traumhochzeit-in-dem-fabelhaften-ort\/\",\"url\":\"https:\/\/www.augustusbeachclub.com\/de\/ihre-traumhochzeit-in-dem-fabelhaften-ort\/\",\"name\":\"Hochzeiten mit Charme und Beach Partys - Augustus Beach Club - Forte dei Marmi\",\"isPartOf\":{\"@id\":\"https:\/\/www.augustusbeachclub.com\/de\/#website\"},\"datePublished\":\"2025-12-05T11:19:18+00:00\",\"dateModified\":\"2025-12-17T12:20:50+00:00\",\"description\":\"Sie suchen eine Location f\u00fcr Ihre Hochzeit? Der Augustus Beach Club ist der ideale Ort in der Versilia f\u00fcr eine Strandhochzeit.\",\"breadcrumb\":{\"@id\":\"https:\/\/www.augustusbeachclub.com\/de\/ihre-traumhochzeit-in-dem-fabelhaften-ort\/#breadcrumb\"},\"inLanguage\":\"de\",\"potentialAction\":[{\"@type\":\"ReadAction\",\"target\":[\"https:\/\/www.augustusbeachclub.com\/de\/ihre-traumhochzeit-in-dem-fabelhaften-ort\/\"]}]},{\"@type\":\"BreadcrumbList\",\"@id\":\"https:\/\/www.augustusbeachclub.com\/de\/ihre-traumhochzeit-in-dem-fabelhaften-ort\/#breadcrumb\",\"itemListElement\":[{\"@type\":\"ListItem\",\"position\":1,\"name\":\"Home\",\"item\":\"https:\/\/www.augustusbeachclub.com\/de\/\"},{\"@type\":\"ListItem\",\"position\":2,\"name\":\"Hochzeiten mit Charme und Beach Partys\"}]},{\"@type\":\"WebSite\",\"@id\":\"https:\/\/www.augustusbeachclub.com\/de\/#website\",\"url\":\"https:\/\/www.augustusbeachclub.com\/de\/\",\"name\":\"Augustus Beach Club - Forte dei Marmi\",\"description\":\"\",\"publisher\":{\"@id\":\"https:\/\/www.augustusbeachclub.com\/de\/#organization\"},\"potentialAction\":[{\"@type\":\"SearchAction\",\"target\":{\"@type\":\"EntryPoint\",\"urlTemplate\":\"https:\/\/www.augustusbeachclub.com\/de\/?s={search_term_string}\"},\"query-input\":{\"@type\":\"PropertyValueSpecification\",\"valueRequired\":true,\"valueName\":\"search_term_string\"}}],\"inLanguage\":\"de\"},{\"@type\":\"Organization\",\"@id\":\"https:\/\/www.augustusbeachclub.com\/de\/#organization\",\"name\":\"Augustus Beach Club - Forte dei Marmi\",\"url\":\"https:\/\/www.augustusbeachclub.com\/de\/\",\"logo\":{\"@type\":\"ImageObject\",\"inLanguage\":\"de\",\"@id\":\"https:\/\/www.augustusbeachclub.com\/de\/#\/schema\/logo\/image\/\",\"url\":\"https:\/\/www.augustusbeachclub.com\/wp-content\/uploads\/2025\/12\/logo-augustus-colore-a.svg\",\"contentUrl\":\"https:\/\/www.augustusbeachclub.com\/wp-content\/uploads\/2025\/12\/logo-augustus-colore-a.svg\",\"width\":1,\"height\":1,\"caption\":\"Augustus Beach Club - Forte dei Marmi\"},\"image\":{\"@id\":\"https:\/\/www.augustusbeachclub.com\/de\/#\/schema\/logo\/image\/\"}}]}<\/script>\n<!-- \/ Yoast SEO plugin. -->","yoast_head_json":{"title":"Hochzeiten mit Charme und Beach Partys - Augustus Beach Club - Forte dei Marmi","description":"Sie suchen eine Location f\u00fcr Ihre Hochzeit? Der Augustus Beach Club ist der ideale Ort in der Versilia f\u00fcr eine Strandhochzeit.","robots":{"index":"index","follow":"follow","max-snippet":"max-snippet:-1","max-image-preview":"max-image-preview:large","max-video-preview":"max-video-preview:-1"},"canonical":"https:\/\/www.augustusbeachclub.com\/de\/ihre-traumhochzeit-in-dem-fabelhaften-ort\/","og_locale":"de_DE","og_type":"article","og_title":"Hochzeiten mit Charme und Beach Partys - Augustus Beach Club - Forte dei Marmi","og_description":"Sie suchen eine Location f\u00fcr Ihre Hochzeit? Der Augustus Beach Club ist der ideale Ort in der Versilia f\u00fcr eine Strandhochzeit.","og_url":"https:\/\/www.augustusbeachclub.com\/de\/ihre-traumhochzeit-in-dem-fabelhaften-ort\/","og_site_name":"Augustus Beach Club - Forte dei Marmi","article_modified_time":"2025-12-17T12:20:50+00:00","schema":{"@context":"https:\/\/schema.org","@graph":[{"@type":"WebPage","@id":"https:\/\/www.augustusbeachclub.com\/de\/ihre-traumhochzeit-in-dem-fabelhaften-ort\/","url":"https:\/\/www.augustusbeachclub.com\/de\/ihre-traumhochzeit-in-dem-fabelhaften-ort\/","name":"Hochzeiten mit Charme und Beach Partys - Augustus Beach Club - Forte dei Marmi","isPartOf":{"@id":"https:\/\/www.augustusbeachclub.com\/de\/#website"},"datePublished":"2025-12-05T11:19:18+00:00","dateModified":"2025-12-17T12:20:50+00:00","description":"Sie suchen eine Location f\u00fcr Ihre Hochzeit? Der Augustus Beach Club ist der ideale Ort in der Versilia f\u00fcr eine Strandhochzeit.","breadcrumb":{"@id":"https:\/\/www.augustusbeachclub.com\/de\/ihre-traumhochzeit-in-dem-fabelhaften-ort\/#breadcrumb"},"inLanguage":"de","potentialAction":[{"@type":"ReadAction","target":["https:\/\/www.augustusbeachclub.com\/de\/ihre-traumhochzeit-in-dem-fabelhaften-ort\/"]}]},{"@type":"BreadcrumbList","@id":"https:\/\/www.augustusbeachclub.com\/de\/ihre-traumhochzeit-in-dem-fabelhaften-ort\/#breadcrumb","itemListElement":[{"@type":"ListItem","position":1,"name":"Home","item":"https:\/\/www.augustusbeachclub.com\/de\/"},{"@type":"ListItem","position":2,"name":"Hochzeiten mit Charme und Beach Partys"}]},{"@type":"WebSite","@id":"https:\/\/www.augustusbeachclub.com\/de\/#website","url":"https:\/\/www.augustusbeachclub.com\/de\/","name":"Augustus Beach Club - Forte dei Marmi","description":"","publisher":{"@id":"https:\/\/www.augustusbeachclub.com\/de\/#organization"},"potentialAction":[{"@type":"SearchAction","target":{"@type":"EntryPoint","urlTemplate":"https:\/\/www.augustusbeachclub.com\/de\/?s={search_term_string}"},"query-input":{"@type":"PropertyValueSpecification","valueRequired":true,"valueName":"search_term_string"}}],"inLanguage":"de"},{"@type":"Organization","@id":"https:\/\/www.augustusbeachclub.com\/de\/#organization","name":"Augustus Beach Club - Forte dei Marmi","url":"https:\/\/www.augustusbeachclub.com\/de\/","logo":{"@type":"ImageObject","inLanguage":"de","@id":"https:\/\/www.augustusbeachclub.com\/de\/#\/schema\/logo\/image\/","url":"https:\/\/www.augustusbeachclub.com\/wp-content\/uploads\/2025\/12\/logo-augustus-colore-a.svg","contentUrl":"https:\/\/www.augustusbeachclub.com\/wp-content\/uploads\/2025\/12\/logo-augustus-colore-a.svg","width":1,"height":1,"caption":"Augustus Beach Club - Forte dei Marmi"},"image":{"@id":"https:\/\/www.augustusbeachclub.com\/de\/#\/schema\/logo\/image\/"}}]}},"_links":{"self":[{"href":"https:\/\/www.augustusbeachclub.com\/de\/wp-json\/wp\/v2\/pages\/1321","targetHints":{"allow":["GET"]}}],"collection":[{"href":"https:\/\/www.augustusbeachclub.com\/de\/wp-json\/wp\/v2\/pages"}],"about":[{"href":"https:\/\/www.augustusbeachclub.com\/de\/wp-json\/wp\/v2\/types\/page"}],"author":[{"embeddable":true,"href":"https:\/\/www.augustusbeachclub.com\/de\/wp-json\/wp\/v2\/users\/1"}],"replies":[{"embeddable":true,"href":"https:\/\/www.augustusbeachclub.com\/de\/wp-json\/wp\/v2\/comments?post=1321"}],"version-history":[{"count":10,"href":"https:\/\/www.augustusbeachclub.com\/de\/wp-json\/wp\/v2\/pages\/1321\/revisions"}],"predecessor-version":[{"id":1704,"href":"https:\/\/www.augustusbeachclub.com\/de\/wp-json\/wp\/v2\/pages\/1321\/revisions\/1704"}],"wp:attachment":[{"href":"https:\/\/www.augustusbeachclub.com\/de\/wp-json\/wp\/v2\/media?parent=1321"}],"curies":[{"name":"wp","href":"https:\/\/api.w.org\/{rel}","templated":true}]}}