{"id":1396,"date":"2025-11-26T11:43:53","date_gmt":"2025-11-26T10:43:53","guid":{"rendered":"https:\/\/augustusbeachclub.com\/pagina-di-esempio\/"},"modified":"2025-12-15T16:20:29","modified_gmt":"2025-12-15T15:20:29","slug":"pagina-di-esempio","status":"publish","type":"page","link":"https:\/\/www.augustusbeachclub.com\/de\/","title":{"rendered":"Augustus Beach Club"},"content":{"rendered":"\n<h2 class=\"wp-block-heading p-style-medium\">Luxus in Forte dei Marmi<\/h2>\n\n\n\n<p>Das Augustus Beach Club erwartet auf Sie in eine Glamour Oase, um eine exklusive und ergreifende Erfahrung am Strand zu erleben.<\/p>\n\n\n\n<p>Die gro\u00dfr\u00e4umigen und eleganten privaten Gazebos, bieten einen unauffindbaren Meeresblick. Vom Fr\u00fchst\u00fcck zum Aperitif am Beach Bar, von den Gourmet Spezialit\u00e4ten des Chef\u2018s in der eleganten Veranda oder den neuen Vorschl\u00e4ge des Bamba Chill im Garten, werden jede Anspr\u00fcche befriedigt.<\/p>\n\n\n\n<p>Das Augustus Strandleben wird die ganze Familie mit Wasser Sport, Schwimmbad, Kinderclub, Kochkurse und noch anderen \u00dcberraschungen erobern.<\/p>\n","protected":false},"excerpt":{"rendered":"<p>Luxus in Forte dei Marmi Das Augustus Beach Club erwartet auf Sie in eine Glamour Oase, um eine exklusive und ergreifende Erfahrung am Strand zu erleben. Die gro\u00dfr\u00e4umigen und eleganten privaten Gazebos, bieten einen unauffindbaren Meeresblick. Vom Fr\u00fchst\u00fcck zum Aperitif am Beach Bar, von den Gourmet Spezialit\u00e4ten des Chef\u2018s in der eleganten Veranda oder den [&hellip;]<\/p>\n","protected":false},"author":1,"featured_media":0,"parent":0,"menu_order":0,"comment_status":"closed","ping_status":"open","template":"","meta":{"_acf_changed":false,"footnotes":""},"class_list":["post-1396","page","type-page","status-publish","hentry"],"acf":[],"yoast_head":"<!-- This site is optimized with the Yoast SEO plugin v27.2 - https:\/\/yoast.com\/product\/yoast-seo-wordpress\/ -->\n<title>Der exklusivste Strand in Forte dei Marmi | Augustus Beach Club<\/title>\n<meta name=\"description\" content=\"Das Augustus Beach Club erwartet auf Sie in eine Glamour Oase, um eine exklusive und ergreifende Erfahrung am Strand zu erleben.\" \/>\n<meta name=\"robots\" content=\"index, follow, max-snippet:-1, max-image-preview:large, max-video-preview:-1\" \/>\n<link rel=\"canonical\" href=\"https:\/\/www.augustusbeachclub.com\/de\/\" \/>\n<meta property=\"og:locale\" content=\"de_DE\" \/>\n<meta property=\"og:type\" content=\"article\" \/>\n<meta property=\"og:title\" content=\"Der exklusivste Strand in Forte dei Marmi | Augustus Beach Club\" \/>\n<meta property=\"og:description\" content=\"Das Augustus Beach Club erwartet auf Sie in eine Glamour Oase, um eine exklusive und ergreifende Erfahrung am Strand zu erleben.\" \/>\n<meta property=\"og:url\" content=\"https:\/\/www.augustusbeachclub.com\/de\/\" \/>\n<meta property=\"og:site_name\" content=\"Augustus Beach Club - Forte dei Marmi\" \/>\n<meta property=\"article:modified_time\" content=\"2025-12-15T15:20:29+00:00\" \/>\n<script type=\"application\/ld+json\" class=\"yoast-schema-graph\">{\"@context\":\"https:\/\/schema.org\",\"@graph\":[{\"@type\":\"WebPage\",\"@id\":\"https:\/\/www.augustusbeachclub.com\/de\/\",\"url\":\"https:\/\/www.augustusbeachclub.com\/de\/\",\"name\":\"Der exklusivste Strand in Forte dei Marmi | Augustus Beach Club\",\"isPartOf\":{\"@id\":\"https:\/\/www.augustusbeachclub.com\/de\/#website\"},\"datePublished\":\"2025-11-26T10:43:53+00:00\",\"dateModified\":\"2025-12-15T15:20:29+00:00\",\"description\":\"Das Augustus Beach Club erwartet auf Sie in eine Glamour Oase, um eine exklusive und ergreifende Erfahrung am Strand zu erleben.\",\"breadcrumb\":{\"@id\":\"https:\/\/www.augustusbeachclub.com\/de\/#breadcrumb\"},\"inLanguage\":\"de\",\"potentialAction\":[{\"@type\":\"ReadAction\",\"target\":[\"https:\/\/www.augustusbeachclub.com\/de\/\"]}]},{\"@type\":\"BreadcrumbList\",\"@id\":\"https:\/\/www.augustusbeachclub.com\/de\/#breadcrumb\",\"itemListElement\":[{\"@type\":\"ListItem\",\"position\":1,\"name\":\"Home\",\"item\":\"https:\/\/www.augustusbeachclub.com\/de\/\"},{\"@type\":\"ListItem\",\"position\":2,\"name\":\"Augustus Beach Club\"}]},{\"@type\":\"WebSite\",\"@id\":\"https:\/\/www.augustusbeachclub.com\/de\/#website\",\"url\":\"https:\/\/www.augustusbeachclub.com\/de\/\",\"name\":\"Augustus Beach Club - Forte dei Marmi\",\"description\":\"\",\"publisher\":{\"@id\":\"https:\/\/www.augustusbeachclub.com\/de\/#organization\"},\"potentialAction\":[{\"@type\":\"SearchAction\",\"target\":{\"@type\":\"EntryPoint\",\"urlTemplate\":\"https:\/\/www.augustusbeachclub.com\/de\/?s={search_term_string}\"},\"query-input\":{\"@type\":\"PropertyValueSpecification\",\"valueRequired\":true,\"valueName\":\"search_term_string\"}}],\"inLanguage\":\"de\"},{\"@type\":\"Organization\",\"@id\":\"https:\/\/www.augustusbeachclub.com\/de\/#organization\",\"name\":\"Augustus Beach Club - Forte dei Marmi\",\"url\":\"https:\/\/www.augustusbeachclub.com\/de\/\",\"logo\":{\"@type\":\"ImageObject\",\"inLanguage\":\"de\",\"@id\":\"https:\/\/www.augustusbeachclub.com\/de\/#\/schema\/logo\/image\/\",\"url\":\"https:\/\/www.augustusbeachclub.com\/wp-content\/uploads\/2025\/12\/logo-augustus-colore-a.svg\",\"contentUrl\":\"https:\/\/www.augustusbeachclub.com\/wp-content\/uploads\/2025\/12\/logo-augustus-colore-a.svg\",\"width\":1,\"height\":1,\"caption\":\"Augustus Beach Club - Forte dei Marmi\"},\"image\":{\"@id\":\"https:\/\/www.augustusbeachclub.com\/de\/#\/schema\/logo\/image\/\"}}]}<\/script>\n<!-- \/ Yoast SEO plugin. -->","yoast_head_json":{"title":"Der exklusivste Strand in Forte dei Marmi | Augustus Beach Club","description":"Das Augustus Beach Club erwartet auf Sie in eine Glamour Oase, um eine exklusive und ergreifende Erfahrung am Strand zu erleben.","robots":{"index":"index","follow":"follow","max-snippet":"max-snippet:-1","max-image-preview":"max-image-preview:large","max-video-preview":"max-video-preview:-1"},"canonical":"https:\/\/www.augustusbeachclub.com\/de\/","og_locale":"de_DE","og_type":"article","og_title":"Der exklusivste Strand in Forte dei Marmi | Augustus Beach Club","og_description":"Das Augustus Beach Club erwartet auf Sie in eine Glamour Oase, um eine exklusive und ergreifende Erfahrung am Strand zu erleben.","og_url":"https:\/\/www.augustusbeachclub.com\/de\/","og_site_name":"Augustus Beach Club - Forte dei Marmi","article_modified_time":"2025-12-15T15:20:29+00:00","schema":{"@context":"https:\/\/schema.org","@graph":[{"@type":"WebPage","@id":"https:\/\/www.augustusbeachclub.com\/de\/","url":"https:\/\/www.augustusbeachclub.com\/de\/","name":"Der exklusivste Strand in Forte dei Marmi | Augustus Beach Club","isPartOf":{"@id":"https:\/\/www.augustusbeachclub.com\/de\/#website"},"datePublished":"2025-11-26T10:43:53+00:00","dateModified":"2025-12-15T15:20:29+00:00","description":"Das Augustus Beach Club erwartet auf Sie in eine Glamour Oase, um eine exklusive und ergreifende Erfahrung am Strand zu erleben.","breadcrumb":{"@id":"https:\/\/www.augustusbeachclub.com\/de\/#breadcrumb"},"inLanguage":"de","potentialAction":[{"@type":"ReadAction","target":["https:\/\/www.augustusbeachclub.com\/de\/"]}]},{"@type":"BreadcrumbList","@id":"https:\/\/www.augustusbeachclub.com\/de\/#breadcrumb","itemListElement":[{"@type":"ListItem","position":1,"name":"Home","item":"https:\/\/www.augustusbeachclub.com\/de\/"},{"@type":"ListItem","position":2,"name":"Augustus Beach Club"}]},{"@type":"WebSite","@id":"https:\/\/www.augustusbeachclub.com\/de\/#website","url":"https:\/\/www.augustusbeachclub.com\/de\/","name":"Augustus Beach Club - Forte dei Marmi","description":"","publisher":{"@id":"https:\/\/www.augustusbeachclub.com\/de\/#organization"},"potentialAction":[{"@type":"SearchAction","target":{"@type":"EntryPoint","urlTemplate":"https:\/\/www.augustusbeachclub.com\/de\/?s={search_term_string}"},"query-input":{"@type":"PropertyValueSpecification","valueRequired":true,"valueName":"search_term_string"}}],"inLanguage":"de"},{"@type":"Organization","@id":"https:\/\/www.augustusbeachclub.com\/de\/#organization","name":"Augustus Beach Club - Forte dei Marmi","url":"https:\/\/www.augustusbeachclub.com\/de\/","logo":{"@type":"ImageObject","inLanguage":"de","@id":"https:\/\/www.augustusbeachclub.com\/de\/#\/schema\/logo\/image\/","url":"https:\/\/www.augustusbeachclub.com\/wp-content\/uploads\/2025\/12\/logo-augustus-colore-a.svg","contentUrl":"https:\/\/www.augustusbeachclub.com\/wp-content\/uploads\/2025\/12\/logo-augustus-colore-a.svg","width":1,"height":1,"caption":"Augustus Beach Club - Forte dei Marmi"},"image":{"@id":"https:\/\/www.augustusbeachclub.com\/de\/#\/schema\/logo\/image\/"}}]}},"_links":{"self":[{"href":"https:\/\/www.augustusbeachclub.com\/de\/wp-json\/wp\/v2\/pages\/1396","targetHints":{"allow":["GET"]}}],"collection":[{"href":"https:\/\/www.augustusbeachclub.com\/de\/wp-json\/wp\/v2\/pages"}],"about":[{"href":"https:\/\/www.augustusbeachclub.com\/de\/wp-json\/wp\/v2\/types\/page"}],"author":[{"embeddable":true,"href":"https:\/\/www.augustusbeachclub.com\/de\/wp-json\/wp\/v2\/users\/1"}],"replies":[{"embeddable":true,"href":"https:\/\/www.augustusbeachclub.com\/de\/wp-json\/wp\/v2\/comments?post=1396"}],"version-history":[{"count":7,"href":"https:\/\/www.augustusbeachclub.com\/de\/wp-json\/wp\/v2\/pages\/1396\/revisions"}],"predecessor-version":[{"id":1448,"href":"https:\/\/www.augustusbeachclub.com\/de\/wp-json\/wp\/v2\/pages\/1396\/revisions\/1448"}],"wp:attachment":[{"href":"https:\/\/www.augustusbeachclub.com\/de\/wp-json\/wp\/v2\/media?parent=1396"}],"curies":[{"name":"wp","href":"https:\/\/api.w.org\/{rel}","templated":true}]}}