{"id":3,"date":"2025-11-26T11:43:53","date_gmt":"2025-11-26T10:43:53","guid":{"rendered":"https:\/\/augustusbeachclub.com\/?page_id=3"},"modified":"2025-12-15T18:07:03","modified_gmt":"2025-12-15T17:07:03","slug":"note-legali-e-privacy","status":"publish","type":"page","link":"https:\/\/www.augustusbeachclub.com\/it\/note-legali-e-privacy\/","title":{"rendered":"Note legali &amp; Privacy"},"content":{"rendered":"\n<h2 class=\"wp-block-heading title-style-medium color-gold mb-5\">PRIVACY POLICY PER I VISITATORI DEL SITO WWW.AUGUSTUSBEACHCLUB.COM<\/h2>\n\n\n\n<p>La presente Privacy Policy ha lo scopo di descrivere le modalit\u00e0 di gestione del sito www.augustusbeachclub.com,&nbsp;in riferimento al trattamento dei dati personali degli utenti\/visitatori che lo consultano.<\/p>\n\n\n\n<p>La policy \u00e8 resa soltanto per il sito sopra menzionato e non anche per altri siti web eventualmente consultati dall\u2019utente tramite appositi link.<\/p>\n\n\n\n<p>S.E.A.R. S.r.L., garantisce il rispetto della normativa in materia di protezione dei dati personali (D. Lgs 196\/03 e Reg. 2016\/679\/EU). Si invitano gli utenti\/ visitatori pertanto a leggere attentamente la presente Privacy Policy prima di inoltrare qualsiasi tipo di informazione personale e\/o compilare qualunque modulo elettronico presente sul sito stesso.<\/p>\n\n\n\n<h3 class=\"wp-block-heading  p-style-medium mt-5 mb-4\"><strong>Titolare del Trattamento dei dati<\/strong><\/h3>\n\n\n\n<p>S.E.A.R. S.r.L., con sede legale in 55042 \u2013 Forte dei Marmi (LU), in Viale Morin n. 169, \u00e8 il Titolare del trattamento dei dati personali. Inoltre possono assumere il ruolo di autonomi titolari del trattamento gli eventuali siti partner che di volta in volta partecipano alle attivit\u00e0 di trattamento dei dati in maniera autonoma.<\/p>\n\n\n\n<h3 class=\"wp-block-heading  p-style-medium mt-5 mb-4\"><strong>Oggetto del trattamento<\/strong><\/h3>\n\n\n\n<p><strong>1) Dati di navigazione<\/strong><\/p>\n\n\n\n<p>I sistemi informatici e le procedure software preposte al funzionamento di questo sito acquisiscono, nel normale esercizio, alcuni dati personali che vengono poi trasmessi implicitamente nell\u2019uso dei protocolli di comunicazione Internet.<\/p>\n\n\n\n<p>Si tratta di informazioni che per loro natura potrebbero, mediante associazioni ed elaborazioni con dati detenuti da terzi, permettere di identificare gli utenti\/visitatori (ad es. indirizzo IP, nomi di domini dei computer utilizzati dagli utenti\/visitatori che si collegano al sito, ecc.).<\/p>\n\n\n\n<p>Questi dati vengono utilizzati solo per informazioni di tipo statistico e per controllare il corretto funzionamento del sito.<\/p>\n\n\n\n<p>I dati sui contatti web non vengono conservati, comunque, per pi\u00f9 di sette giorni, salvo eventuali accertamenti di reati informatici ai danni del sito.<\/p>\n\n\n\n<p>Nessun dato derivante dal servizio web verr\u00e0 comunicato o diffuso.<\/p>\n\n\n\n<p><strong>2) Dati forniti volontariamente dagli utenti\/visitatori<\/strong><\/p>\n\n\n\n<p>Qualora gli utenti\/visitatori, collegandosi a questo sito, inviino propri dati personali per accedere a determinati servizi, ovvero per effettuare richieste in posta elettronica, sono consapevoli che ci\u00f2 comporta l\u2019acquisizione da parte del Titolare dell\u2019indirizzo del mittente e\/o di altri eventuali dati personali che verranno trattati esclusivamente per rispondere alla richiesta, ovvero per la fornitura del servizio.<\/p>\n\n\n\n<p>I dati personali forniti dagli utenti\/visitatori verranno comunicati a terzi solo nel caso in cui la comunicazione sia necessaria per ottemperare alle richieste degli utenti\/visitatori medesimi o per obbligo di legge (come nel caso di fatturazione).<\/p>\n\n\n\n<p><strong>3) Cookies<\/strong><\/p>\n\n\n\n<p>oltre ai dati espressamente conferiti al Titolare potranno essere registrati altri dati derivanti dalla navigazione da parte dell\u2019utente sul sito: quando l\u2019utente vi accede, infatti, il sito pu\u00f2 inviare all\u2019utente un \u201ccookie\u201d. Un \u201ccookie\u201d \u00e8 un piccolo file di testo che il sito pu\u00f2 automaticamente inviare al computer dell\u2019utente quando egli visualizza le nostre pagine. I \u201ccookies\u201d servono a rendere pi\u00f9 comoda la navigazione, oltre che per ottenere informazioni sulla navigazione del singolo utente all\u2019interno del sito e per permettere il funzionamento di alcuni servizi che richiedono l\u2019identificazione del percorso dell\u2019utente attraverso diverse pagine del sito. Per qualsiasi accesso al sito, indipendentemente dalla presenza di un \u201ccookie\u201d, il Sito registra il tipo di browser (es. Internet explorer, chrome, Firefox), il sistema operativo (es. Windows, macintosh) e l\u2019host e l\u2019URL di provenienza dell\u2019utente-navigatore, oltre ai dati sulla pagina richiesta. Questi dati possono essere utilizzati in forma aggregata ed anonima per analisi statistiche sull\u2019utilizzo del sito. Per la gestione completa dei cookies, consulta pagina \u201c<a href=\"https:\/\/augustusbeachclub.com\/it\/cookies\/\">cookie policy<\/a>\u201d di questo sito.<\/p>\n\n\n\n<h3 class=\"wp-block-heading  p-style-medium mt-5 mb-4\"><strong>Modalit\u00e0 del trattamento<\/strong><\/h3>\n\n\n\n<p>Il trattamento viene effettuato attraverso strumenti automatizzati (ad es. utilizzando procedure e supporti elettronici) e\/o manualmente (ad es. su supporto cartaceo) per il tempo strettamente necessario a conseguire gli scopi per i quali i dati sono stati raccolti e, comunque, in conformit\u00e0 alle disposizioni normative vigenti in materia.<\/p>\n\n\n\n<h3 class=\"wp-block-heading  p-style-medium mt-5 mb-4\"><strong>Finalit\u00e0 del trattamento<\/strong><\/h3>\n\n\n\n<p>Oltre a quelle indicate nelle singole informative che precedono la compilazione dei form delle diverse sezioni del sito, le finalit\u00e0 del trattamento svolto dal Titolare devono intendersi quali:<\/p>\n\n\n\n<p>a) raccolta e conservazione ed elaborazione ai fini dell\u2019instaurazione e gestione operativa ed amministrativa del rapporto contrattuale connesso all\u2019erogazione del servizio offerto sul sito;<\/p>\n\n\n\n<p>b) utilizzo dei dati personali dell\u2019utente (in particolare l\u2019indirizzo e-mail) per effettuare comunicazioni relative allo svolgimento del rapporto contrattuale instaurato;<\/p>\n\n\n\n<p>c) elaborazione dei dati personali forniti e di quelli desunti dalle navigazioni sul sito allo scopo di erogare un servizio coerente con le indicazioni trasmesse durante l\u2019utilizzo del servizio;<\/p>\n\n\n\n<p>d) raccolta, conservazione ed elaborazione dei dati per compiere analisi statistiche in forma anonima e\/o aggregata;<\/p>\n\n\n\n<p>e) finalit\u00e0 funzionali allo svolgimento della nostra attivit\u00e0, quali offerta di contenuti personalizzati come ad esempio servizi di newsletter;<\/p>\n\n\n\n<p>f) per la comunicazione di informazioni commerciali su future iniziative, di annunci di nuovi prodotti o servizi;<\/p>\n\n\n\n<p>g) per ricerche di mercato, analisi statistiche ed economiche;<\/p>\n\n\n\n<p>h) per l\u2019invio di materiale pubblicitario o promozionale, e per l\u2019esecuzione di giochi a premio, di iniziative promozionali in genere.<\/p>\n\n\n\n<h3 class=\"wp-block-heading  p-style-medium mt-5 mb-4\"><strong>Base giuridica del trattamento<\/strong><\/h3>\n\n\n\n<p>La base giuridica del trattamento dei dati dei clienti svolto dal titolare tramite il sito in epigrafe indicato consiste nel contratto stipulato con gli Interessati, mentre, in mancanza di esso la base giuridica \u00e8 da rinvenirsi nel legittimo interesse del Titolare alla libera iniziativa economica di cui all\u2019art. 41 cost. Per quanto concerne le finalit\u00e0 ulteriori che necessitano di consenso, esso verr\u00e0 richiesto in apposito modulo e parimenti dovr\u00e0 ritenersi quale valida base giuridica.<\/p>\n\n\n\n<h3 class=\"wp-block-heading  p-style-medium mt-5 mb-4\"><strong>Destinatari<\/strong><\/h3>\n\n\n\n<p>Oltre al titolare, in alcuni casi, potrebbero avere accesso ai dati categorie di Responsabili e soggetti autorizzati coinvolti nell\u2019organizzazione aziendale del Sito (personale amministrativo, commerciale, marketing, legali, amministratori di sistema). Inoltre il Titolare potr\u00e0 avvalersi di soggetti esterni (come fornitori di servizi tecnici terzi, trasportatori, hosting provider, cloud service, societ\u00e0 informatiche, agenzie di comunicazione) che potranno essere nominati responsabili esterni. L\u2019elenco aggiornato dei responsabili potr\u00e0 sempre essere richiesto al Titolare del Trattamento, rivolgendosi all\u2019indirizzo indicato sopra.<\/p>\n\n\n\n<h3 class=\"wp-block-heading  p-style-medium mt-5 mb-4\"><strong>Trasferimento verso un Paese terzo<\/strong><\/h3>\n\n\n\n<p>Il titolare del trattamento si serve, per le prestazioni offerte dal sito, di server situati nei seguenti Paesi:<\/p>\n\n\n\n<p>\u2013\u00a0\u00a0\u00a0\u00a0\u00a0\u00a0\u00a0\u00a0\u00a0<strong> Italia<\/strong><\/p>\n\n\n\n<p>e quindi, sulla base del Reg. 2016\/679\/EU da ritenersi idoneo in quanto rientrante nell\u2019ambito UE.<\/p>\n\n\n\n<p>I dati trattati dal Titolare non saranno mai diffusi.<\/p>\n\n\n\n<h3 class=\"wp-block-heading  p-style-medium mt-5 mb-4\"><strong>Luogo di trattamento dei dati<\/strong><\/h3>\n\n\n\n<p>I trattamenti connessi ai servizi web di questo sito hanno luogo presso la predetta sede del Titolare e sono curati solo da personale tecnico dell\u2019ufficio incaricato del trattamento. In caso di necessit\u00e0, i dati connessi al servizio newsletter possono essere trattati dal personale della societ\u00e0 che gestisce il Data center (responsabile del trattamento ai sensi dell\u2019articolo 28 Reg. 2016\/679\/EU), presso la sede della societ\u00e0 medesima.<\/p>\n\n\n\n<h3 class=\"wp-block-heading  p-style-medium mt-5 mb-4\"><strong>Tempi e luogo di conservazione dei dati<\/strong><\/h3>\n\n\n\n<p>I dati sono trattati per il tempo necessario allo svolgimento del servizio richiesto dall\u2019utente e poi distrutti con mezzi di distruzione sicuri, come distruggidocumenti per il cartaceo e wiping per i dati su supporto informatico.<\/p>\n\n\n\n<h3 class=\"wp-block-heading  p-style-medium mt-5 mb-4\"><strong>Facoltativit\u00e0 o obbligatoriet\u00e0 del conferimento dei dati<\/strong><\/h3>\n\n\n\n<p>A parte quanto specificato per i dati di navigazione che acquisiscono i dati automaticamente, gli utenti\/visitatori sono liberi di fornire i propri dati personali o non fornirli. Il loro mancato conferimento pu\u00f2 comportare unicamente l\u2019impossibilit\u00e0 di ottenere quanto richiesto.<\/p>\n\n\n\n<h3 class=\"wp-block-heading  p-style-medium mt-5 mb-4\"><strong>Diritti degli interessati<\/strong><\/h3>\n\n\n\n<p>I soggetti cui si riferiscono i dati personali hanno il diritto in qualunque momento ai sensi del GDPR di ottenere la conferma dell\u2019esistenza o meno dei medesimi dati e di conoscerne il contenuto e l\u2019origine, verificarne l\u2019esattezza o chiederne l\u2019integrazione o l\u2019aggiornamento, oppure la rettificazione.<\/p>\n\n\n\n<p>In relazione al trattamento dei predetti dati il cliente ha diritto di ottenere dal Titolare:<\/p>\n\n\n\n<ol class=\"wp-block-list\">\n<li>la conferma dell\u2019esistenza o meno dei suoi dati personali, la loro comunicazione in forma intelligibile e la conoscenza della loro origine, nonch\u00e9 della logica su cui si basa il trattamento;<\/li>\n\n\n\n<li>la cancellazione, entro un congruo termine, dei suoi dati, la loro trasformazione in forma anonima o il blocco di quelli trattati in violazione della legge;<\/li>\n\n\n\n<li>l\u2019aggiornamento dei dati, la loro rettificazione o, quando vi abbia interesse, la loro integrazione;<\/li>\n\n\n\n<li>l\u2019attestazione che le operazioni di cui ai precedenti punti 2) e 3), sono state portate a conoscenza di coloro ai quali sono stati comunicati, sempre che non risulti impossibile o comporti un impiego di mezzi sproporzionato.<\/li>\n\n\n\n<li>Il cliente ha, inoltre, diritto di ottenere la rettifica o la cancellazione dei dati che lo riguardano o la limitazione del trattamento.<\/li>\n\n\n\n<li>Il cliente ha diritto di revocare il consenso relativo a trattamenti facoltativi e non connessi all\u2019esecuzione del contratto sottoscritto con il Titolare.<\/li>\n\n\n\n<li>Il cliente ha, inoltre, diritto di opporsi per motivi legittimi al trattamento dei dati personali che lo riguardano, anche se pertinenti allo scopo della raccolta, di chiederne la portabilit\u00e0, di esercitare il diritto all\u2019oblio, nonch\u00e9 di rivolgersi all\u2019Autorit\u00e0 di controllo competente in materia di protezione dei dati personali per qualsiasi violazione ritenga di aver subito che per l\u2019Italia \u00e8 il Garante per la protezione dei dati personali via e-mail, all\u2019indirizzo: garante@gpdp.it, via fax: 06 696773785, oppure via posta, al Garante per la protezione dei dati personali, che ha sede in Roma (Italia), Piazza di Monte Citorio n. 121, cap 00186.<\/li>\n\n\n\n<li>Dati di contatto: SEAR SRL, Viale Morin 169 \u2013 55042 Forte dei Marmi (LU) \u2013 email:\u00a0<a>privacy@augustus-hotel.it\u00a0<\/a>\u2013 fax: +39.0584.787102<\/li>\n<\/ol>\n\n\n\n<h3 class=\"wp-block-heading  p-style-medium mt-5 mb-4\"><strong>Processi decisionali automatizzati<\/strong><\/h3>\n\n\n\n<p>Non vengono svolti processi decisionali automatizzati sui dati aggregati raccolti, se non finalizzati alla migliore gestione del sito.<\/p>\n\n\n\n<h3 class=\"wp-block-heading  p-style-medium mt-5 mb-4\"><strong>Clausole finali<\/strong><\/h3>\n\n\n\n<p>Considerato lo stato attuale di evoluzione della normativa in materia di protezione di dati personali, si comunica che la presente privacy policy potr\u00e0 essere soggetta ad aggiornamenti.<\/p>\n","protected":false},"excerpt":{"rendered":"<p>PRIVACY POLICY PER I VISITATORI DEL SITO WWW.AUGUSTUSBEACHCLUB.COM La presente Privacy Policy ha lo scopo di descrivere le modalit\u00e0 di gestione del sito www.augustusbeachclub.com,&nbsp;in riferimento al trattamento dei dati personali degli utenti\/visitatori che lo consultano. La policy \u00e8 resa soltanto per il sito sopra menzionato e non anche per altri siti web eventualmente consultati dall\u2019utente [&hellip;]<\/p>\n","protected":false},"author":1,"featured_media":0,"parent":0,"menu_order":0,"comment_status":"closed","ping_status":"open","template":"","meta":{"_acf_changed":false,"footnotes":""},"class_list":["post-3","page","type-page","status-publish","hentry"],"acf":[],"yoast_head":"<!-- This site is optimized with the Yoast SEO plugin v27.2 - https:\/\/yoast.com\/product\/yoast-seo-wordpress\/ -->\n<title>Note legali &amp; Privacy - Augustus Beach Club - Forte dei Marmi<\/title>\n<meta name=\"robots\" content=\"index, follow, max-snippet:-1, max-image-preview:large, max-video-preview:-1\" \/>\n<link rel=\"canonical\" href=\"https:\/\/www.augustusbeachclub.com\/it\/note-legali-e-privacy\/\" \/>\n<meta property=\"og:locale\" content=\"it_IT\" \/>\n<meta property=\"og:type\" content=\"article\" \/>\n<meta property=\"og:title\" content=\"Note legali &amp; Privacy - Augustus Beach Club - Forte dei Marmi\" \/>\n<meta property=\"og:description\" content=\"PRIVACY POLICY PER I VISITATORI DEL SITO WWW.AUGUSTUSBEACHCLUB.COM La presente Privacy Policy ha lo scopo di descrivere le modalit\u00e0 di gestione del sito www.augustusbeachclub.com,&nbsp;in riferimento al trattamento dei dati personali degli utenti\/visitatori che lo consultano. La policy \u00e8 resa soltanto per il sito sopra menzionato e non anche per altri siti web eventualmente consultati dall\u2019utente [&hellip;]\" \/>\n<meta property=\"og:url\" content=\"https:\/\/www.augustusbeachclub.com\/it\/note-legali-e-privacy\/\" \/>\n<meta property=\"og:site_name\" content=\"Augustus Beach Club - Forte dei Marmi\" \/>\n<meta property=\"article:modified_time\" content=\"2025-12-15T17:07:03+00:00\" \/>\n<script type=\"application\/ld+json\" class=\"yoast-schema-graph\">{\"@context\":\"https:\/\/schema.org\",\"@graph\":[{\"@type\":\"WebPage\",\"@id\":\"https:\/\/www.augustusbeachclub.com\/it\/note-legali-e-privacy\/\",\"url\":\"https:\/\/www.augustusbeachclub.com\/it\/note-legali-e-privacy\/\",\"name\":\"Note legali &amp; Privacy - Augustus Beach Club - Forte dei Marmi\",\"isPartOf\":{\"@id\":\"https:\/\/www.augustusbeachclub.com\/it\/#website\"},\"datePublished\":\"2025-11-26T10:43:53+00:00\",\"dateModified\":\"2025-12-15T17:07:03+00:00\",\"breadcrumb\":{\"@id\":\"https:\/\/www.augustusbeachclub.com\/it\/note-legali-e-privacy\/#breadcrumb\"},\"inLanguage\":\"it-IT\",\"potentialAction\":[{\"@type\":\"ReadAction\",\"target\":[\"https:\/\/www.augustusbeachclub.com\/it\/note-legali-e-privacy\/\"]}]},{\"@type\":\"BreadcrumbList\",\"@id\":\"https:\/\/www.augustusbeachclub.com\/it\/note-legali-e-privacy\/#breadcrumb\",\"itemListElement\":[{\"@type\":\"ListItem\",\"position\":1,\"name\":\"Home\",\"item\":\"https:\/\/www.augustusbeachclub.com\/it\/\"},{\"@type\":\"ListItem\",\"position\":2,\"name\":\"Note legali &amp; Privacy\"}]},{\"@type\":\"WebSite\",\"@id\":\"https:\/\/www.augustusbeachclub.com\/it\/#website\",\"url\":\"https:\/\/www.augustusbeachclub.com\/it\/\",\"name\":\"Augustus Beach Club - Forte dei Marmi\",\"description\":\"\",\"publisher\":{\"@id\":\"https:\/\/www.augustusbeachclub.com\/it\/#organization\"},\"potentialAction\":[{\"@type\":\"SearchAction\",\"target\":{\"@type\":\"EntryPoint\",\"urlTemplate\":\"https:\/\/www.augustusbeachclub.com\/it\/?s={search_term_string}\"},\"query-input\":{\"@type\":\"PropertyValueSpecification\",\"valueRequired\":true,\"valueName\":\"search_term_string\"}}],\"inLanguage\":\"it-IT\"},{\"@type\":\"Organization\",\"@id\":\"https:\/\/www.augustusbeachclub.com\/it\/#organization\",\"name\":\"Augustus Beach Club - Forte dei Marmi\",\"url\":\"https:\/\/www.augustusbeachclub.com\/it\/\",\"logo\":{\"@type\":\"ImageObject\",\"inLanguage\":\"it-IT\",\"@id\":\"https:\/\/www.augustusbeachclub.com\/it\/#\/schema\/logo\/image\/\",\"url\":\"https:\/\/www.augustusbeachclub.com\/wp-content\/uploads\/2025\/12\/logo-augustus-colore-a.svg\",\"contentUrl\":\"https:\/\/www.augustusbeachclub.com\/wp-content\/uploads\/2025\/12\/logo-augustus-colore-a.svg\",\"width\":1,\"height\":1,\"caption\":\"Augustus Beach Club - Forte dei Marmi\"},\"image\":{\"@id\":\"https:\/\/www.augustusbeachclub.com\/it\/#\/schema\/logo\/image\/\"}}]}<\/script>\n<!-- \/ Yoast SEO plugin. -->","yoast_head_json":{"title":"Note legali &amp; Privacy - Augustus Beach Club - Forte dei Marmi","robots":{"index":"index","follow":"follow","max-snippet":"max-snippet:-1","max-image-preview":"max-image-preview:large","max-video-preview":"max-video-preview:-1"},"canonical":"https:\/\/www.augustusbeachclub.com\/it\/note-legali-e-privacy\/","og_locale":"it_IT","og_type":"article","og_title":"Note legali &amp; Privacy - Augustus Beach Club - Forte dei Marmi","og_description":"PRIVACY POLICY PER I VISITATORI DEL SITO WWW.AUGUSTUSBEACHCLUB.COM La presente Privacy Policy ha lo scopo di descrivere le modalit\u00e0 di gestione del sito www.augustusbeachclub.com,&nbsp;in riferimento al trattamento dei dati personali degli utenti\/visitatori che lo consultano. La policy \u00e8 resa soltanto per il sito sopra menzionato e non anche per altri siti web eventualmente consultati dall\u2019utente [&hellip;]","og_url":"https:\/\/www.augustusbeachclub.com\/it\/note-legali-e-privacy\/","og_site_name":"Augustus Beach Club - Forte dei Marmi","article_modified_time":"2025-12-15T17:07:03+00:00","schema":{"@context":"https:\/\/schema.org","@graph":[{"@type":"WebPage","@id":"https:\/\/www.augustusbeachclub.com\/it\/note-legali-e-privacy\/","url":"https:\/\/www.augustusbeachclub.com\/it\/note-legali-e-privacy\/","name":"Note legali &amp; Privacy - Augustus Beach Club - Forte dei Marmi","isPartOf":{"@id":"https:\/\/www.augustusbeachclub.com\/it\/#website"},"datePublished":"2025-11-26T10:43:53+00:00","dateModified":"2025-12-15T17:07:03+00:00","breadcrumb":{"@id":"https:\/\/www.augustusbeachclub.com\/it\/note-legali-e-privacy\/#breadcrumb"},"inLanguage":"it-IT","potentialAction":[{"@type":"ReadAction","target":["https:\/\/www.augustusbeachclub.com\/it\/note-legali-e-privacy\/"]}]},{"@type":"BreadcrumbList","@id":"https:\/\/www.augustusbeachclub.com\/it\/note-legali-e-privacy\/#breadcrumb","itemListElement":[{"@type":"ListItem","position":1,"name":"Home","item":"https:\/\/www.augustusbeachclub.com\/it\/"},{"@type":"ListItem","position":2,"name":"Note legali &amp; Privacy"}]},{"@type":"WebSite","@id":"https:\/\/www.augustusbeachclub.com\/it\/#website","url":"https:\/\/www.augustusbeachclub.com\/it\/","name":"Augustus Beach Club - Forte dei Marmi","description":"","publisher":{"@id":"https:\/\/www.augustusbeachclub.com\/it\/#organization"},"potentialAction":[{"@type":"SearchAction","target":{"@type":"EntryPoint","urlTemplate":"https:\/\/www.augustusbeachclub.com\/it\/?s={search_term_string}"},"query-input":{"@type":"PropertyValueSpecification","valueRequired":true,"valueName":"search_term_string"}}],"inLanguage":"it-IT"},{"@type":"Organization","@id":"https:\/\/www.augustusbeachclub.com\/it\/#organization","name":"Augustus Beach Club - Forte dei Marmi","url":"https:\/\/www.augustusbeachclub.com\/it\/","logo":{"@type":"ImageObject","inLanguage":"it-IT","@id":"https:\/\/www.augustusbeachclub.com\/it\/#\/schema\/logo\/image\/","url":"https:\/\/www.augustusbeachclub.com\/wp-content\/uploads\/2025\/12\/logo-augustus-colore-a.svg","contentUrl":"https:\/\/www.augustusbeachclub.com\/wp-content\/uploads\/2025\/12\/logo-augustus-colore-a.svg","width":1,"height":1,"caption":"Augustus Beach Club - Forte dei Marmi"},"image":{"@id":"https:\/\/www.augustusbeachclub.com\/it\/#\/schema\/logo\/image\/"}}]}},"_links":{"self":[{"href":"https:\/\/www.augustusbeachclub.com\/it\/wp-json\/wp\/v2\/pages\/3","targetHints":{"allow":["GET"]}}],"collection":[{"href":"https:\/\/www.augustusbeachclub.com\/it\/wp-json\/wp\/v2\/pages"}],"about":[{"href":"https:\/\/www.augustusbeachclub.com\/it\/wp-json\/wp\/v2\/types\/page"}],"author":[{"embeddable":true,"href":"https:\/\/www.augustusbeachclub.com\/it\/wp-json\/wp\/v2\/users\/1"}],"replies":[{"embeddable":true,"href":"https:\/\/www.augustusbeachclub.com\/it\/wp-json\/wp\/v2\/comments?post=3"}],"version-history":[{"count":5,"href":"https:\/\/www.augustusbeachclub.com\/it\/wp-json\/wp\/v2\/pages\/3\/revisions"}],"predecessor-version":[{"id":1614,"href":"https:\/\/www.augustusbeachclub.com\/it\/wp-json\/wp\/v2\/pages\/3\/revisions\/1614"}],"wp:attachment":[{"href":"https:\/\/www.augustusbeachclub.com\/it\/wp-json\/wp\/v2\/media?parent=3"}],"curies":[{"name":"wp","href":"https:\/\/api.w.org\/{rel}","templated":true}]}}